{"id":101,"date":"2024-09-25T10:16:19","date_gmt":"2024-09-25T10:16:19","guid":{"rendered":"https:\/\/ulenspiegel-sourbrodt.com\/?page_id=101"},"modified":"2025-05-26T07:37:44","modified_gmt":"2025-05-26T07:37:44","slug":"arrangements","status":"publish","type":"page","link":"https:\/\/ulenspiegel-sourbrodt.com\/de\/arrangements\/","title":{"rendered":"Arrangements"},"content":{"rendered":"\n<section style=\"max-width: 800px; margin: auto; line-height: 1.6;\">\n<h2 style=\"color: #000000;\">\ud83c\udf7d\ufe0f Gruppen willkommen<\/h2>\n<p>Sie sind mit einer Gruppe von <strong>10 bis 50 Personen<\/strong> unterwegs und suchen <strong>ein leckeres Essen in einer gem\u00fctlichen, famili\u00e4ren Atmosph\u00e4re?<\/strong> Dann sind Sie im <strong>Hotel Ulenspiegel<\/strong> an der richtigen Adresse!<\/p>\n<p>Wir sind regelm\u00e4\u00dfig Gastgeber f\u00fcr <em>Familien, Vereine, Freundeskreise, Rad- und Wandergruppen<\/em> zum Fr\u00fchst\u00fcck, Mittag- oder Abendessen oder f\u00fcr einen leckeren Zwischenstopp.<\/p>\n<h3 style=\"color: #000000;\">\ud83d\udd39 Wie gehen wir vor?<\/h3>\n<ul>\n<li>\n<p>Wir besprechen <strong>die Anforderungen Ihrer Gruppe<\/strong> gemeinsam im Voraus.<\/p>\n<\/li>\n<li>\n<p>Wir machen einen <strong>Vorschlag auf der Grundlage einer Men\u00fcformel<\/strong> (Fr\u00fchst\u00fcck, Mittagessen oder Abendessen).<\/p>\n<\/li>\n<li>\n<p>Wir ber\u00fccksichtigen so weit wie m\u00f6glich <strong>Vorlieben, Budget und eventuelle Allergien.<\/strong><\/p>\n<\/li>\n<\/ul>\n<p>Haben Sie spezielle W\u00fcnsche wie ein vegetarisches Angebot, lokale Produkte oder ein festliches Dessert? Lassen Sie es uns wissen, und wir werden Ihnen einen passenden Vorschlag unterbreiten.<\/p>\n<h3 style=\"color: #000000;\">\ud83d\udccd Warum sollten Sie uns w\u00e4hlen?<\/h3>\n<ul>\n<li>\n<p>Gem\u00fctliches Hotel-Caf\u00e9 mit charmantem, famili\u00e4rem Empfang<\/p>\n<\/li>\n<li>\n<p>Flexible Formeln, die auf Ihre Gruppe zugeschnitten sind<\/p>\n<\/li>\n<li>\n<p>Platz f\u00fcr Innen- und Au\u00dfendienst (bei sch\u00f6nem Wetter auf der Terrasse an der Vennbahn)<\/p>\n<\/li>\n<li>\n<p>Perfekt gelegen f\u00fcr Radfahrer, Wanderer und Tagesausfl\u00fcge<\/p>\n<\/li>\n<\/ul>\n<hr style=\"margin: 30px 0;\" \/>\n<p>\ud83d\udd14 <strong>M\u00f6chten Sie eine Reservierung vornehmen oder eine Anfrage stellen<\/strong><strong>?<\/strong><\/p>\n<p>Kontaktieren Sie uns bitte unter <a style=\"color: #0000ff;\" href=\"mailto:info@ulenspiegel-sourbrodt.com\">info@ulenspiegel-sourbrodt.com<\/a> oder \u00fcber unser <a style=\"color: #0000ff;\" href=\"https:\/\/ulenspiegel-sourbrodt.com\/de\/contact\/\">Kontaktformular<\/a>.\u00a0Wir denken gerne mit Ihnen mit!<\/p>\n<\/section>\n\n\n\n<p><\/p>\n","protected":false},"excerpt":{"rendered":"<p>\ud83c\udf7d\ufe0f Gruppen willkommen Sie sind mit einer Gruppe von 10 bis 50 Personen unterwegs und suchen ein leckeres Essen in einer gem\u00fctlichen, famili\u00e4ren Atmosph\u00e4re? Dann sind Sie im Hotel Ulenspiegel an der richtigen Adresse! Wir sind regelm\u00e4\u00dfig Gastgeber f\u00fcr Familien, Vereine, Freundeskreise, Rad- und Wandergruppen zum Fr\u00fchst\u00fcck, Mittag- oder Abendessen<a class=\"read-more\" href=\"https:\/\/ulenspiegel-sourbrodt.com\/de\/arrangements\/\"> ( more&#8230; )<\/a><\/p>\n","protected":false},"author":1,"featured_media":0,"parent":0,"menu_order":0,"comment_status":"closed","ping_status":"closed","template":"","meta":{"_uag_custom_page_level_css":"","advgb_blocks_editor_width":"","advgb_blocks_columns_visual_guide":"","footnotes":""},"class_list":["post-101","page","type-page","status-publish","hentry"],"translation":{"provider":"WPGlobus","version":"3.0.2","language":"de","enabled_languages":["nl","fr","de"],"languages":{"nl":{"title":true,"content":true,"excerpt":false},"fr":{"title":true,"content":true,"excerpt":false},"de":{"title":true,"content":true,"excerpt":false}}},"uagb_featured_image_src":{"full":false,"thumbnail":false,"medium":false,"medium_large":false,"large":false,"1536x1536":false,"2048x2048":false,"backdrop-small-thumbnails":false,"backdrop-medium-thumbnails":false,"backdrop-large-thumbnails":false},"uagb_author_info":{"display_name":"pieter93","author_link":"https:\/\/ulenspiegel-sourbrodt.com\/de\/author\/pieter93\/"},"uagb_comment_info":0,"uagb_excerpt":"\ud83c\udf7d\ufe0f Gruppen willkommen Sie sind mit einer Gruppe von 10 bis 50 Personen unterwegs und suchen ein leckeres Essen in einer gem\u00fctlichen, famili\u00e4ren Atmosph\u00e4re? Dann sind Sie im Hotel Ulenspiegel an der richtigen Adresse! Wir sind regelm\u00e4\u00dfig Gastgeber f\u00fcr Familien, Vereine, Freundeskreise, Rad- und Wandergruppen zum Fr\u00fchst\u00fcck, Mittag- oder Abendessen ( more... )","coauthors":[],"author_meta":{"author_link":"https:\/\/ulenspiegel-sourbrodt.com\/de\/author\/pieter93\/","display_name":"pieter93"},"relative_dates":{"created":"Ver\u00f6ffentlicht 2 years vor","modified":"Aktualisiert 11 months vor"},"absolute_dates":{"created":"Ver\u00f6ffentlicht am 25 September 2024","modified":"Aktualisiert am 26 May 2025"},"absolute_dates_time":{"created":"Ver\u00f6ffentlicht am 25 September 2024 10:16","modified":"Aktualisiert am 26 May 2025 07:37"},"featured_img_caption":"","featured_img":false,"series_order":"","_links":{"self":[{"href":"https:\/\/ulenspiegel-sourbrodt.com\/de\/wp-json\/wp\/v2\/pages\/101","targetHints":{"allow":["GET"]}}],"collection":[{"href":"https:\/\/ulenspiegel-sourbrodt.com\/de\/wp-json\/wp\/v2\/pages"}],"about":[{"href":"https:\/\/ulenspiegel-sourbrodt.com\/de\/wp-json\/wp\/v2\/types\/page"}],"author":[{"embeddable":true,"href":"https:\/\/ulenspiegel-sourbrodt.com\/de\/wp-json\/wp\/v2\/users\/1"}],"replies":[{"embeddable":true,"href":"https:\/\/ulenspiegel-sourbrodt.com\/de\/wp-json\/wp\/v2\/comments?post=101"}],"version-history":[{"count":30,"href":"https:\/\/ulenspiegel-sourbrodt.com\/de\/wp-json\/wp\/v2\/pages\/101\/revisions"}],"predecessor-version":[{"id":1874,"href":"https:\/\/ulenspiegel-sourbrodt.com\/de\/wp-json\/wp\/v2\/pages\/101\/revisions\/1874"}],"wp:attachment":[{"href":"https:\/\/ulenspiegel-sourbrodt.com\/de\/wp-json\/wp\/v2\/media?parent=101"}],"curies":[{"name":"wp","href":"https:\/\/api.w.org\/{rel}","templated":true}]}}