{"id":108,"date":"2024-09-25T10:17:29","date_gmt":"2024-09-25T10:17:29","guid":{"rendered":"https:\/\/ulenspiegel-sourbrodt.com\/?page_id=108"},"modified":"2025-04-28T13:04:23","modified_gmt":"2025-04-28T13:04:23","slug":"test1","status":"publish","type":"page","link":"https:\/\/ulenspiegel-sourbrodt.com\/de\/","title":{"rendered":"Home"},"content":{"rendered":"\n<figure class=\"wp-block-image size-full\"><img loading=\"lazy\" decoding=\"async\" width=\"1280\" height=\"859\" src=\"https:\/\/ulenspiegel-sourbrodt.com\/wp-content\/uploads\/2025\/01\/2021-07-30-010331327reduced.jpg\" alt=\"\" class=\"wp-image-1076\" srcset=\"https:\/\/ulenspiegel-sourbrodt.com\/wp-content\/uploads\/2025\/01\/2021-07-30-010331327reduced.jpg 1280w, https:\/\/ulenspiegel-sourbrodt.com\/wp-content\/uploads\/2025\/01\/2021-07-30-010331327reduced-600x403.jpg 600w, https:\/\/ulenspiegel-sourbrodt.com\/wp-content\/uploads\/2025\/01\/2021-07-30-010331327reduced-768x515.jpg 768w\" sizes=\"auto, (max-width: 1280px) 100vw, 1280px\" \/><\/figure>\n\n\n\n<p>Willkommen in unserem k\u00fcrzlich renovierten, gem\u00fctlichen Familienhotel. Im Herzen des Hohen Venns gelegen, nur wenige Meter von der Vennbahn entfernt, ist unser Hotel der ideale Ausgangspunkt f\u00fcr begeisterte Wanderer und Radfahrer, die unsere einzigartige Naturregion und ihre vielen sch\u00f6nen Sehensw\u00fcrdigkeiten entdecken m\u00f6chten.<\/p>\n\n\n\n<p>Sie haben die Wahl zwischen ger\u00e4umigen Familienzimmern, Komfortzimmern und sogar einem gem\u00fctlichen Studio mit separatem Eingang \u00fcber die Sonnenterrasse.<\/p>\n\n\n\n<p>Lassen Sie den Alltag hinter sich und tanken Sie bei uns neue Energie. Wir hei\u00dfen Sie herzlich willkommen und sorgen f\u00fcr einen angenehmen Aufenthalt in unserem gem\u00fctlichen Hotel.<\/p>\n\n\n\n<p><\/p>\n\n\n\n<figure class=\"wp-block-table\">\n<table class=\"has-fixed-layout\" style=\"height: 126px; width: 100%; border-style: none;\">\n<tbody>\n<tr style=\"height: 42px;\">\n<td style=\"height: 42px;\">\ud83d\udcf6 <span class=\"uagb-icon-list__label\">Freies Wi-Fi<\/span><\/td>\n<td style=\"height: 42px;\">\ud83c\udd7f\ufe0f <span class=\"uagb-icon-list__label\">Kostenloses Parken<\/span><\/td>\n<td style=\"height: 42px;\">\ud83d\udecf\ufe0f <span class=\"uagb-icon-list__label\">Komfort-Zimmer, Familien-zimmer und Studio<\/span><\/td>\n<\/tr>\n<tr style=\"height: 42px;\">\n<td style=\"height: 42px;\">\ud83d\udead <span class=\"uagb-icon-list__label\">Nicht-Raucher Zimmer<\/span><\/td>\n<td style=\"height: 42px;\">\ud83c\udf77 Bar<\/td>\n<td style=\"height: 42px;\">\ud83e\udd50 <span class=\"uagb-icon-list__label\">K\u00f6stliches Fr\u00fchst\u00fcck<\/span><\/td>\n<\/tr>\n<tr style=\"height: 42px;\">\n<td style=\"height: 42px;\">\ud83d\udd0c <span class=\"uagb-icon-list__label\">Kostenloses Aufladen von Elektro-fahrr\u00e4dern<\/span><\/td>\n<td style=\"height: 42px;\">\ud83d\udeb2 <span class=\"uagb-icon-list__label\">\u00dcberdachte und sichere Fahrrad-abstellpl\u00e4tze<\/span><\/td>\n<td style=\"height: 42px;\">\ud83d\ude89 <span class=\"uagb-icon-list__label\">Erreichbar mit \u00f6ffentlichen Verkehrs-mitteln<\/span><\/td>\n<\/tr>\n<\/tbody>\n<\/table>\n<\/figure>\n\n\n\n<div style=\"height:100px\" aria-hidden=\"true\" class=\"wp-block-spacer\"><\/div>\n\n\n<style type=\"text\/css\">\n#foogallery-gallery-1810 .fg-image { width: 270px; }\n#foogallery-gallery-1810 { --fg-gutter: 10px; }<\/style>\n\t\t\t<div class=\"foogallery foogallery-container foogallery-default foogallery-lightbox-foogallery fg-center fg-default fg-ready fg-light fg-border-thin fg-shadow-outline fg-loading-default fg-loaded-fade-in fg-caption-hover fg-hover-fade fg-hover-zoom\" id=\"foogallery-gallery-1810\" data-foogallery=\"{&quot;item&quot;:{&quot;showCaptionTitle&quot;:true,&quot;showCaptionDescription&quot;:true},&quot;lazy&quot;:true}\" data-foogallery-lightbox=\"{&quot;thumbs&quot;:&quot;bottom&quot;,&quot;thumbsCaptions&quot;:false,&quot;thumbsBestFit&quot;:false,&quot;thumbsSmall&quot;:false,&quot;thumbsCaptionsAlign&quot;:&quot;default&quot;,&quot;info&quot;:&quot;bottom&quot;,&quot;infoVisible&quot;:true,&quot;infoOverlay&quot;:true,&quot;infoAlign&quot;:&quot;default&quot;,&quot;transition&quot;:&quot;fade&quot;,&quot;hoverButtons&quot;:false,&quot;fitMedia&quot;:false,&quot;noScrollbars&quot;:true,&quot;preserveButtonSpace&quot;:true,&quot;buttons&quot;:{&quot;fullscreen&quot;:true,&quot;info&quot;:true,&quot;thumbs&quot;:false},&quot;video&quot;:{&quot;autoPlay&quot;:true}}\" style=\"--fg-title-line-clamp: 0; --fg-description-line-clamp: 0;\" >\n\t<div class=\"fg-item fg-type-image fg-idle\"><figure class=\"fg-item-inner\"><a href=\"https:\/\/ulenspiegel-sourbrodt.com\/wp-content\/uploads\/2025\/01\/20230708_115519reduced.jpg\" data-attachment-id=\"1084\" data-type=\"image\" class=\"fg-thumb\"><span class=\"fg-image-wrap\"><img fetchpriority=\"high\" decoding=\"async\" width=\"270\" height=\"270\" class=\"skip-lazy fg-image\" data-src-fg=\"https:\/\/ulenspiegel-sourbrodt.com\/wp-content\/uploads\/cache\/2025\/01\/20230708_115519reduced\/64087409.jpg\" src=\"data:image\/svg+xml,%3Csvg%20xmlns%3D%22http%3A%2F%2Fwww.w3.org%2F2000%2Fsvg%22%20width%3D%22270%22%20height%3D%22270%22%20viewBox%3D%220%200%20270%20270%22%3E%3C%2Fsvg%3E\" loading=\"eager\"><\/span><span class=\"fg-image-overlay\"><\/span><\/a><\/figure><div class=\"fg-loader\"><\/div><\/div><div class=\"fg-item fg-type-image fg-idle\"><figure class=\"fg-item-inner\"><a href=\"https:\/\/ulenspiegel-sourbrodt.com\/wp-content\/uploads\/2025\/01\/2020-07-13-05.19.42-1-01reduced.jpg\" data-attachment-id=\"1082\" data-type=\"image\" class=\"fg-thumb\"><span class=\"fg-image-wrap\"><img decoding=\"async\" width=\"270\" height=\"270\" class=\"skip-lazy fg-image\" data-src-fg=\"https:\/\/ulenspiegel-sourbrodt.com\/wp-content\/uploads\/cache\/2025\/01\/2020-07-13-05_19_42-1-01reduced\/1446166611.jpg\" src=\"data:image\/svg+xml,%3Csvg%20xmlns%3D%22http%3A%2F%2Fwww.w3.org%2F2000%2Fsvg%22%20width%3D%22270%22%20height%3D%22270%22%20viewBox%3D%220%200%20270%20270%22%3E%3C%2Fsvg%3E\" loading=\"eager\"><\/span><span class=\"fg-image-overlay\"><\/span><\/a><\/figure><div class=\"fg-loader\"><\/div><\/div><div class=\"fg-item fg-type-image fg-idle\"><figure class=\"fg-item-inner\"><a href=\"https:\/\/ulenspiegel-sourbrodt.com\/wp-content\/uploads\/2025\/01\/20230708_115840reduced.jpg\" data-attachment-id=\"1085\" data-type=\"image\" class=\"fg-thumb\"><span class=\"fg-image-wrap\"><img decoding=\"async\" width=\"270\" height=\"270\" class=\"skip-lazy fg-image\" data-src-fg=\"https:\/\/ulenspiegel-sourbrodt.com\/wp-content\/uploads\/cache\/2025\/01\/20230708_115840reduced\/4054958778.jpg\" src=\"data:image\/svg+xml,%3Csvg%20xmlns%3D%22http%3A%2F%2Fwww.w3.org%2F2000%2Fsvg%22%20width%3D%22270%22%20height%3D%22270%22%20viewBox%3D%220%200%20270%20270%22%3E%3C%2Fsvg%3E\" loading=\"eager\"><\/span><span class=\"fg-image-overlay\"><\/span><\/a><\/figure><div class=\"fg-loader\"><\/div><\/div><div class=\"fg-item fg-type-image fg-idle\"><figure class=\"fg-item-inner\"><a href=\"https:\/\/ulenspiegel-sourbrodt.com\/wp-content\/uploads\/2025\/01\/2021-07-30-010416697reduced.jpg\" data-attachment-id=\"1078\" data-type=\"image\" class=\"fg-thumb\"><span class=\"fg-image-wrap\"><img decoding=\"async\" width=\"270\" height=\"270\" class=\"skip-lazy fg-image\" data-src-fg=\"https:\/\/ulenspiegel-sourbrodt.com\/wp-content\/uploads\/cache\/2025\/01\/2021-07-30-010416697reduced\/3632754521.jpg\" src=\"data:image\/svg+xml,%3Csvg%20xmlns%3D%22http%3A%2F%2Fwww.w3.org%2F2000%2Fsvg%22%20width%3D%22270%22%20height%3D%22270%22%20viewBox%3D%220%200%20270%20270%22%3E%3C%2Fsvg%3E\" loading=\"eager\"><\/span><span class=\"fg-image-overlay\"><\/span><\/a><\/figure><div class=\"fg-loader\"><\/div><\/div><div class=\"fg-item fg-type-image fg-idle\"><figure class=\"fg-item-inner\"><a href=\"https:\/\/ulenspiegel-sourbrodt.com\/wp-content\/uploads\/2025\/01\/2020-07-13-05.17.33-1reduced.jpg\" data-attachment-id=\"1075\" data-type=\"image\" class=\"fg-thumb\"><span class=\"fg-image-wrap\"><img decoding=\"async\" width=\"270\" height=\"270\" class=\"skip-lazy fg-image\" data-src-fg=\"https:\/\/ulenspiegel-sourbrodt.com\/wp-content\/uploads\/cache\/2025\/01\/2020-07-13-05_17_33-1reduced\/2293661443.jpg\" src=\"data:image\/svg+xml,%3Csvg%20xmlns%3D%22http%3A%2F%2Fwww.w3.org%2F2000%2Fsvg%22%20width%3D%22270%22%20height%3D%22270%22%20viewBox%3D%220%200%20270%20270%22%3E%3C%2Fsvg%3E\" loading=\"eager\"><\/span><span class=\"fg-image-overlay\"><\/span><\/a><\/figure><div class=\"fg-loader\"><\/div><\/div><div class=\"fg-item fg-type-image fg-idle\"><figure class=\"fg-item-inner\"><a href=\"https:\/\/ulenspiegel-sourbrodt.com\/wp-content\/uploads\/2025\/01\/2021-07-30-010354184reduced.jpg\" data-attachment-id=\"1077\" data-type=\"image\" class=\"fg-thumb\"><span class=\"fg-image-wrap\"><img decoding=\"async\" width=\"270\" height=\"270\" class=\"skip-lazy fg-image\" data-src-fg=\"https:\/\/ulenspiegel-sourbrodt.com\/wp-content\/uploads\/cache\/2025\/01\/2021-07-30-010354184reduced\/1535442011.jpg\" src=\"data:image\/svg+xml,%3Csvg%20xmlns%3D%22http%3A%2F%2Fwww.w3.org%2F2000%2Fsvg%22%20width%3D%22270%22%20height%3D%22270%22%20viewBox%3D%220%200%20270%20270%22%3E%3C%2Fsvg%3E\" loading=\"eager\"><\/span><span class=\"fg-image-overlay\"><\/span><\/a><\/figure><div class=\"fg-loader\"><\/div><\/div><div class=\"fg-item fg-type-image fg-idle\"><figure class=\"fg-item-inner\"><a href=\"https:\/\/ulenspiegel-sourbrodt.com\/wp-content\/uploads\/2025\/01\/20240120_170349reduced.jpg\" data-attachment-id=\"1080\" data-type=\"image\" class=\"fg-thumb\"><span class=\"fg-image-wrap\"><img decoding=\"async\" width=\"270\" height=\"270\" class=\"skip-lazy fg-image\" data-src-fg=\"https:\/\/ulenspiegel-sourbrodt.com\/wp-content\/uploads\/cache\/2025\/01\/20240120_170349reduced\/2659585798.jpg\" src=\"data:image\/svg+xml,%3Csvg%20xmlns%3D%22http%3A%2F%2Fwww.w3.org%2F2000%2Fsvg%22%20width%3D%22270%22%20height%3D%22270%22%20viewBox%3D%220%200%20270%20270%22%3E%3C%2Fsvg%3E\" loading=\"eager\"><\/span><span class=\"fg-image-overlay\"><\/span><\/a><\/figure><div class=\"fg-loader\"><\/div><\/div><div class=\"fg-item fg-type-image fg-idle\"><figure class=\"fg-item-inner\"><a href=\"https:\/\/ulenspiegel-sourbrodt.com\/wp-content\/uploads\/2025\/01\/2025-01-19-10_37_11.2530100reduced.jpg\" data-attachment-id=\"1079\" data-type=\"image\" class=\"fg-thumb\"><span class=\"fg-image-wrap\"><img decoding=\"async\" width=\"270\" height=\"270\" class=\"skip-lazy fg-image\" data-src-fg=\"https:\/\/ulenspiegel-sourbrodt.com\/wp-content\/uploads\/cache\/2025\/01\/2025-01-19-10_37_11_2530100reduced\/1740017588.jpg\" src=\"data:image\/svg+xml,%3Csvg%20xmlns%3D%22http%3A%2F%2Fwww.w3.org%2F2000%2Fsvg%22%20width%3D%22270%22%20height%3D%22270%22%20viewBox%3D%220%200%20270%20270%22%3E%3C%2Fsvg%3E\" loading=\"eager\"><\/span><span class=\"fg-image-overlay\"><\/span><\/a><\/figure><div class=\"fg-loader\"><\/div><\/div><div class=\"fg-item fg-type-image fg-idle\"><figure class=\"fg-item-inner\"><a href=\"https:\/\/ulenspiegel-sourbrodt.com\/wp-content\/uploads\/2025\/01\/20250111_111408reduced.jpg\" data-attachment-id=\"1081\" data-type=\"image\" class=\"fg-thumb\"><span class=\"fg-image-wrap\"><img decoding=\"async\" width=\"270\" height=\"270\" class=\"skip-lazy fg-image\" data-src-fg=\"https:\/\/ulenspiegel-sourbrodt.com\/wp-content\/uploads\/cache\/2025\/01\/20250111_111408reduced\/3413503002.jpg\" src=\"data:image\/svg+xml,%3Csvg%20xmlns%3D%22http%3A%2F%2Fwww.w3.org%2F2000%2Fsvg%22%20width%3D%22270%22%20height%3D%22270%22%20viewBox%3D%220%200%20270%20270%22%3E%3C%2Fsvg%3E\" loading=\"eager\"><\/span><span class=\"fg-image-overlay\"><\/span><\/a><\/figure><div class=\"fg-loader\"><\/div><\/div><div class=\"fg-item fg-type-image fg-idle\"><figure class=\"fg-item-inner\"><a href=\"https:\/\/ulenspiegel-sourbrodt.com\/wp-content\/uploads\/2025\/04\/bloemen.jpg\" data-attachment-id=\"2012\" data-type=\"image\" class=\"fg-thumb\"><span class=\"fg-image-wrap\"><img decoding=\"async\" width=\"270\" height=\"270\" class=\"skip-lazy fg-image\" data-src-fg=\"https:\/\/ulenspiegel-sourbrodt.com\/wp-content\/uploads\/cache\/2025\/04\/bloemen\/3844099664.jpg\" src=\"data:image\/svg+xml,%3Csvg%20xmlns%3D%22http%3A%2F%2Fwww.w3.org%2F2000%2Fsvg%22%20width%3D%22270%22%20height%3D%22270%22%20viewBox%3D%220%200%20270%20270%22%3E%3C%2Fsvg%3E\" loading=\"eager\"><\/span><span class=\"fg-image-overlay\"><\/span><\/a><\/figure><div class=\"fg-loader\"><\/div><\/div><\/div>\n\n","protected":false},"excerpt":{"rendered":"<p>Willkommen in unserem k\u00fcrzlich renovierten, gem\u00fctlichen Familienhotel. Im Herzen des Hohen Venns gelegen, nur wenige Meter von der Vennbahn entfernt, ist unser Hotel der ideale Ausgangspunkt f\u00fcr begeisterte Wanderer und Radfahrer, die unsere einzigartige Naturregion und ihre vielen sch\u00f6nen Sehensw\u00fcrdigkeiten entdecken m\u00f6chten. Sie haben die Wahl zwischen ger\u00e4umigen Familienzimmern, Komfortzimmern<a class=\"read-more\" href=\"https:\/\/ulenspiegel-sourbrodt.com\/de\/\"> ( more&#8230; )<\/a><\/p>\n","protected":false},"author":1,"featured_media":0,"parent":0,"menu_order":0,"comment_status":"closed","ping_status":"closed","template":"","meta":{"_uag_custom_page_level_css":"","advgb_blocks_editor_width":"full","advgb_blocks_columns_visual_guide":"","footnotes":""},"class_list":["post-108","page","type-page","status-publish","hentry"],"translation":{"provider":"WPGlobus","version":"3.0.2","language":"de","enabled_languages":["nl","fr","de"],"languages":{"nl":{"title":true,"content":true,"excerpt":false},"fr":{"title":true,"content":true,"excerpt":false},"de":{"title":true,"content":true,"excerpt":false}}},"uagb_featured_image_src":{"full":false,"thumbnail":false,"medium":false,"medium_large":false,"large":false,"1536x1536":false,"2048x2048":false,"backdrop-small-thumbnails":false,"backdrop-medium-thumbnails":false,"backdrop-large-thumbnails":false},"uagb_author_info":{"display_name":"pieter93","author_link":"https:\/\/ulenspiegel-sourbrodt.com\/de\/author\/pieter93\/"},"uagb_comment_info":0,"uagb_excerpt":"Willkommen in unserem k\u00fcrzlich renovierten, gem\u00fctlichen Familienhotel. Im Herzen des Hohen Venns gelegen, nur wenige Meter von der Vennbahn entfernt, ist unser Hotel der ideale Ausgangspunkt f\u00fcr begeisterte Wanderer und Radfahrer, die unsere einzigartige Naturregion und ihre vielen sch\u00f6nen Sehensw\u00fcrdigkeiten entdecken m\u00f6chten. Sie haben die Wahl zwischen ger\u00e4umigen Familienzimmern, Komfortzimmern ( more... )","coauthors":[],"author_meta":{"author_link":"https:\/\/ulenspiegel-sourbrodt.com\/de\/author\/pieter93\/","display_name":"pieter93"},"relative_dates":{"created":"Ver\u00f6ffentlicht 2 years vor","modified":"Aktualisiert 1 year vor"},"absolute_dates":{"created":"Ver\u00f6ffentlicht am 25 September 2024","modified":"Aktualisiert am 28 April 2025"},"absolute_dates_time":{"created":"Ver\u00f6ffentlicht am 25 September 2024 10:17","modified":"Aktualisiert am 28 April 2025 13:04"},"featured_img_caption":"","featured_img":false,"series_order":"","_links":{"self":[{"href":"https:\/\/ulenspiegel-sourbrodt.com\/de\/wp-json\/wp\/v2\/pages\/108","targetHints":{"allow":["GET"]}}],"collection":[{"href":"https:\/\/ulenspiegel-sourbrodt.com\/de\/wp-json\/wp\/v2\/pages"}],"about":[{"href":"https:\/\/ulenspiegel-sourbrodt.com\/de\/wp-json\/wp\/v2\/types\/page"}],"author":[{"embeddable":true,"href":"https:\/\/ulenspiegel-sourbrodt.com\/de\/wp-json\/wp\/v2\/users\/1"}],"replies":[{"embeddable":true,"href":"https:\/\/ulenspiegel-sourbrodt.com\/de\/wp-json\/wp\/v2\/comments?post=108"}],"version-history":[{"count":127,"href":"https:\/\/ulenspiegel-sourbrodt.com\/de\/wp-json\/wp\/v2\/pages\/108\/revisions"}],"predecessor-version":[{"id":1827,"href":"https:\/\/ulenspiegel-sourbrodt.com\/de\/wp-json\/wp\/v2\/pages\/108\/revisions\/1827"}],"wp:attachment":[{"href":"https:\/\/ulenspiegel-sourbrodt.com\/de\/wp-json\/wp\/v2\/media?parent=108"}],"curies":[{"name":"wp","href":"https:\/\/api.w.org\/{rel}","templated":true}]}}