{"id":1384,"date":"2025-03-25T17:34:02","date_gmt":"2025-03-25T17:34:02","guid":{"rendered":"https:\/\/ulenspiegel-sourbrodt.com\/?page_id=1384"},"modified":"2025-05-13T09:20:28","modified_gmt":"2025-05-13T09:20:28","slug":"reserveren","status":"publish","type":"page","link":"https:\/\/ulenspiegel-sourbrodt.com\/de\/reserveren\/","title":{"rendered":"Reservieren"},"content":{"rendered":"\n<div style=\"height:50px\" aria-hidden=\"true\" class=\"wp-block-spacer\"><\/div>\n\n\n\n<div id=\"ConstellationWidgetContainerfa52791b-cfee-422d-b418-24ae7cf1d195\" style=\"width:100%\" title=\"Ulenspiegel\" data-id-projet='fa52791bcfee422db41824ae7cf1d195'>Wird geladen \u2026<\/div> <script type=\"text\/javascript\" src=\"https:\/\/reservation.elloha.com\/Scripts\/widget-loader.min.js?v=42\"><\/script> <script type=\"text\/javascript\">var constellationWidgetUrlfa52791bcfee422db41824ae7cf1d195, constellationTypeModulefa52791bcfee422db41824ae7cf1d195; constellationWidgetUrlfa52791bcfee422db41824ae7cf1d195 = 'https:\/\/reservation.elloha.com\/Widget\/BookingEngine\/fa52791b-cfee-422d-b418-24ae7cf1d195?idoi=e6ddb243-195a-4e1e-9009-a2d04cc5f907&culture=de-DE'; constellationTypeModulefa52791bcfee422db41824ae7cf1d195=1; constellationWidgetLoad('ConstellationWidgetContainerfa52791b-cfee-422d-b418-24ae7cf1d195'); constellationWidgetAddEvent(window, \"resize\", function () { constellationWidgetSetAppearance('ConstellationWidgetContainerfa52791b-cfee-422d-b418-24ae7cf1d195'); });<\/script> \n","protected":false},"excerpt":{"rendered":"<p>Wird geladen \u2026<\/p>\n","protected":false},"author":1,"featured_media":0,"parent":0,"menu_order":0,"comment_status":"closed","ping_status":"closed","template":"","meta":{"_uag_custom_page_level_css":"","advgb_blocks_editor_width":"","advgb_blocks_columns_visual_guide":"","footnotes":""},"class_list":["post-1384","page","type-page","status-publish","hentry"],"translation":{"provider":"WPGlobus","version":"3.0.2","language":"de","enabled_languages":["nl","fr","de"],"languages":{"nl":{"title":true,"content":true,"excerpt":false},"fr":{"title":true,"content":true,"excerpt":false},"de":{"title":true,"content":true,"excerpt":false}}},"uagb_featured_image_src":{"full":false,"thumbnail":false,"medium":false,"medium_large":false,"large":false,"1536x1536":false,"2048x2048":false,"backdrop-small-thumbnails":false,"backdrop-medium-thumbnails":false,"backdrop-large-thumbnails":false},"uagb_author_info":{"display_name":"pieter93","author_link":"https:\/\/ulenspiegel-sourbrodt.com\/de\/author\/pieter93\/"},"uagb_comment_info":0,"uagb_excerpt":"Wird geladen \u2026","coauthors":[],"author_meta":{"author_link":"https:\/\/ulenspiegel-sourbrodt.com\/de\/author\/pieter93\/","display_name":"pieter93"},"relative_dates":{"created":"Ver\u00f6ffentlicht 1 year vor","modified":"Aktualisiert 11 months vor"},"absolute_dates":{"created":"Ver\u00f6ffentlicht am 25 March 2025","modified":"Aktualisiert am 13 May 2025"},"absolute_dates_time":{"created":"Ver\u00f6ffentlicht am 25 March 2025 17:34","modified":"Aktualisiert am 13 May 2025 09:20"},"featured_img_caption":"","featured_img":false,"series_order":"","_links":{"self":[{"href":"https:\/\/ulenspiegel-sourbrodt.com\/de\/wp-json\/wp\/v2\/pages\/1384","targetHints":{"allow":["GET"]}}],"collection":[{"href":"https:\/\/ulenspiegel-sourbrodt.com\/de\/wp-json\/wp\/v2\/pages"}],"about":[{"href":"https:\/\/ulenspiegel-sourbrodt.com\/de\/wp-json\/wp\/v2\/types\/page"}],"author":[{"embeddable":true,"href":"https:\/\/ulenspiegel-sourbrodt.com\/de\/wp-json\/wp\/v2\/users\/1"}],"replies":[{"embeddable":true,"href":"https:\/\/ulenspiegel-sourbrodt.com\/de\/wp-json\/wp\/v2\/comments?post=1384"}],"version-history":[{"count":21,"href":"https:\/\/ulenspiegel-sourbrodt.com\/de\/wp-json\/wp\/v2\/pages\/1384\/revisions"}],"predecessor-version":[{"id":1973,"href":"https:\/\/ulenspiegel-sourbrodt.com\/de\/wp-json\/wp\/v2\/pages\/1384\/revisions\/1973"}],"wp:attachment":[{"href":"https:\/\/ulenspiegel-sourbrodt.com\/de\/wp-json\/wp\/v2\/media?parent=1384"}],"curies":[{"name":"wp","href":"https:\/\/api.w.org\/{rel}","templated":true}]}}