{"id":644,"date":"2024-10-27T15:42:10","date_gmt":"2024-10-27T15:42:10","guid":{"rendered":"https:\/\/ulenspiegel-sourbrodt.com\/?page_id=644"},"modified":"2025-05-26T07:38:59","modified_gmt":"2025-05-26T07:38:59","slug":"activities","status":"publish","type":"page","link":"https:\/\/ulenspiegel-sourbrodt.com\/de\/activities\/","title":{"rendered":"Aktivit\u00e4ten"},"content":{"rendered":"\n<h2 class=\"wp-block-heading\" id=\"hoge-venen-7df15d70-223e-4d0c-8f25-9842dbd43ca5\">Hohe Venn<\/h2>\n\n\n\n<figure class=\"wp-block-image size-full is-resized\"><img loading=\"lazy\" decoding=\"async\" width=\"1600\" height=\"1200\" src=\"https:\/\/ulenspiegel-sourbrodt.com\/wp-content\/uploads\/2024\/10\/Venn.jpg\" alt=\"\" class=\"wp-image-676\" style=\"width:234px;height:auto\" srcset=\"https:\/\/ulenspiegel-sourbrodt.com\/wp-content\/uploads\/2024\/10\/Venn.jpg 1600w, https:\/\/ulenspiegel-sourbrodt.com\/wp-content\/uploads\/2024\/10\/Venn-600x450.jpg 600w, https:\/\/ulenspiegel-sourbrodt.com\/wp-content\/uploads\/2024\/10\/Venn-768x576.jpg 768w, https:\/\/ulenspiegel-sourbrodt.com\/wp-content\/uploads\/2024\/10\/Venn-1536x1152.jpg 1536w\" sizes=\"auto, (max-width: 1600px) 100vw, 1600px\" \/><\/figure>\n\n\n\n<p>Der Naturpark Hohes Venn ist mit einer Fl\u00e4che von fast 5.000 ha das gr\u00f6\u00dfte Naturschutzgebiet Belgiens und zeichnet sich unter anderem durch das Vorhandensein von Torfmooren aus. Der h\u00f6chste Punkt Belgiens liegt im Hohen Venn. Das Hohe Venn beginnt direkt vor unserer Haust\u00fcr.<\/p>\n\n\n\n<p><\/p>\n\n\n\n<p class=\"has-vivid-cyan-blue-color has-text-color has-link-color wp-elements-a4c40798a7c67fe0c4871474b8bee725\"><a href=\"https:\/\/www.ostbelgien.eu\/de\/das-hohe-venn\/alles-wissenswerte\" target=\"_blank\" rel=\"noreferrer noopener\">Mehr Info<\/a><\/p>\n\n\n\n<div style=\"height:2px\" aria-hidden=\"true\" class=\"wp-block-spacer\"><\/div>\n\n\n\n<h2 class=\"wp-block-heading\">Vennbahn<\/h2>\n\n\n\n<figure class=\"wp-block-image size-full is-resized\"><img loading=\"lazy\" decoding=\"async\" width=\"1152\" height=\"864\" src=\"https:\/\/ulenspiegel-sourbrodt.com\/wp-content\/uploads\/2024\/10\/vennbahn.jpg\" alt=\"\" class=\"wp-image-677\" style=\"width:270px;height:auto\" srcset=\"https:\/\/ulenspiegel-sourbrodt.com\/wp-content\/uploads\/2024\/10\/vennbahn.jpg 1152w, https:\/\/ulenspiegel-sourbrodt.com\/wp-content\/uploads\/2024\/10\/vennbahn-600x450.jpg 600w, https:\/\/ulenspiegel-sourbrodt.com\/wp-content\/uploads\/2024\/10\/vennbahn-768x576.jpg 768w\" sizes=\"auto, (max-width: 1152px) 100vw, 1152px\" \/><\/figure>\n\n\n\n<p>Der Vennbahn-Radweg f\u00fchrt Sie durch eine wundersch\u00f6ne h\u00fcgelige Landschaft. Dabei ist ein gro\u00dfer Teil der Strecke weniger h\u00fcgelig, als Sie vielleicht vermuten (maximal 2 %). Dies ist einer der Vorteile des RAVeL der alten Bahnlinien 48 und 47. Gelegentlich werden Sie auf ein Viadukt und einen Tunnel sto\u00dfen. Die Vennbahn ist einer der l\u00e4ngsten und sch\u00f6nsten gr\u00fcnen Radwege in Europa. Sie radeln auf ehemaligen Bahntrassen und durchqueren drei L\u00e4nder: Deutschland, Belgien und Luxemburg. <strong>Die Vennbahn ist kaum 20 m von unserem Hotel mit gro\u00dfer Innenterrasse entfernt.<\/strong><\/p>\n\n\n\n<p class=\"has-vivid-cyan-blue-color has-text-color has-link-color wp-elements-e9262d942b5b52d05a3c0c40b650bc04\"><a href=\"https:\/\/www.vennbahn.eu\/\" target=\"_blank\" rel=\"noreferrer noopener\">Mehr Info<\/a><\/p>\n\n\n\n<h2 class=\"wp-block-heading\">Wandern<\/h2>\n\n\n\n<div class=\"wp-block-uagb-container uagb-block-7543a3c9 alignfull uagb-is-root-container\"><div class=\"uagb-container-inner-blocks-wrap\">\n<div class=\"wp-block-uagb-container uagb-block-a7cb5bde\">\n<figure class=\"wp-block-image size-large\"><img loading=\"lazy\" decoding=\"async\" width=\"2000\" height=\"1333\" src=\"https:\/\/ulenspiegel-sourbrodt.com\/wp-content\/uploads\/2024\/10\/aviateur3-2000x1333.jpg\" alt=\"\" class=\"wp-image-683\" srcset=\"https:\/\/ulenspiegel-sourbrodt.com\/wp-content\/uploads\/2024\/10\/aviateur3-2000x1333.jpg 2000w, https:\/\/ulenspiegel-sourbrodt.com\/wp-content\/uploads\/2024\/10\/aviateur3-600x400.jpg 600w, https:\/\/ulenspiegel-sourbrodt.com\/wp-content\/uploads\/2024\/10\/aviateur3-768x512.jpg 768w, https:\/\/ulenspiegel-sourbrodt.com\/wp-content\/uploads\/2024\/10\/aviateur3-1536x1024.jpg 1536w, https:\/\/ulenspiegel-sourbrodt.com\/wp-content\/uploads\/2024\/10\/aviateur3.jpg 2048w\" sizes=\"auto, (max-width: 2000px) 100vw, 2000px\" \/><\/figure>\n<\/div>\n\n\n\n<div class=\"wp-block-uagb-container uagb-block-2915be1f\">\n<figure class=\"wp-block-image size-full is-resized\"><img loading=\"lazy\" decoding=\"async\" width=\"500\" height=\"667\" src=\"https:\/\/ulenspiegel-sourbrodt.com\/wp-content\/uploads\/2024\/10\/rk-1.jpg\" alt=\"\" class=\"wp-image-682\" style=\"width:162px;height:auto\" srcset=\"https:\/\/ulenspiegel-sourbrodt.com\/wp-content\/uploads\/2024\/10\/rk-1.jpg 500w, https:\/\/ulenspiegel-sourbrodt.com\/wp-content\/uploads\/2024\/10\/rk-1-450x600.jpg 450w\" sizes=\"auto, (max-width: 500px) 100vw, 500px\" \/><\/figure>\n<\/div>\n<\/div><\/div>\n\n\n\n<p>Entdecken Sie die atemberaubende Natur von Sourbrodt. Erkunden Sie die sch\u00f6ne Landschaft und genie\u00dfen Sie die Ruhe um Sie herum. Lassen Sie sich von den versteckten Sch\u00e4tzen \u00fcberraschen, die diese Routen zu bieten haben. Ideal f\u00fcr einen entspannten Tag in der Natur! Einer der Wanderwege beginnt direkt vor der Haust\u00fcr: \u201eIm Sourbrodter Venn\u201c (8,1 km) und f\u00fchrt am \u201eCroix des Russes\u201c vorbei, das an das russische Gefangenenlager im Zweiten Weltkrieg erinnert, und am \u201eMonument aux Aviateurs de Bosfagne\u201c an der Stelle, wo der britische Bomber \u201eHalifax\u201c am 4. Juli 1943 abgeschossen wurde.<\/p>\n\n\n\n<p class=\"has-vivid-cyan-blue-color has-text-color has-link-color wp-elements-6b4060251ef8c74dda51466172959b82\"><a href=\"https:\/\/www.nodemapp.com\/de\/wandern\/routen\/r1448\/genusstour-sourbrodt---im-sourbrodter-venn?_gl=1*5ydrma*_ga*MTk0MDE2NzE5NS4xNzM3Mzk5NzUz*_ga_MGYD86PCVN*MTczNzM5OTc1Mi4xLjAuMTczNzM5OTc1Mi4wLjAuMA..\" target=\"_blank\" rel=\"noreferrer noopener\">Mehr Info<\/a><\/p>\n\n\n\n<h2 class=\"wp-block-heading\">Signal von Botrange<\/h2>\n\n\n\n<figure class=\"wp-block-image size-full is-resized\"><img loading=\"lazy\" decoding=\"async\" width=\"1280\" height=\"960\" src=\"https:\/\/ulenspiegel-sourbrodt.com\/wp-content\/uploads\/2024\/10\/Waimes_-_la_Butte_Baltia_-_monument_2016.jpg\" alt=\"\" class=\"wp-image-656\" style=\"width:269px;height:auto\" srcset=\"https:\/\/ulenspiegel-sourbrodt.com\/wp-content\/uploads\/2024\/10\/Waimes_-_la_Butte_Baltia_-_monument_2016.jpg 1280w, https:\/\/ulenspiegel-sourbrodt.com\/wp-content\/uploads\/2024\/10\/Waimes_-_la_Butte_Baltia_-_monument_2016-600x450.jpg 600w, https:\/\/ulenspiegel-sourbrodt.com\/wp-content\/uploads\/2024\/10\/Waimes_-_la_Butte_Baltia_-_monument_2016-768x576.jpg 768w\" sizes=\"auto, (max-width: 1280px) 100vw, 1280px\" \/><\/figure>\n\n\n\n<p>Das Signal von Botrange (franz\u00f6sisch: Signal de Botrange) im Hohen Venn liegt auf 694 Metern \u00fcber dem Meeresspiegel. Um die Vermessungsarbeiten zu erm\u00f6glichen, errichtete der Milit\u00e4rgouverneur Herman Baltia 1923 an der h\u00f6chsten Stelle ein 6 Meter hohes Bauwerk, das Signal, wie es in der Geografie hei\u00dft, das \u00fcber eine Treppe erreichbar ist. Auf diese Weise erreichte Belgien schlie\u00dflich die magische H\u00f6he von 700 Metern.<\/p>\n\n\n\n<p class=\"has-vivid-cyan-blue-color has-text-color has-link-color wp-elements-b5a50cb20136ef8e7c88595aae5a926a\"><a href=\"https:\/\/www.waimeshautesfagnes.be\/de\/decouvrir\/incontournables\/le-signal-de-botrange.htm\" target=\"_blank\" rel=\"noreferrer noopener\">Mehr Info<\/a><\/p>\n\n\n\n<h2 class=\"wp-block-heading\">Naturparkzentrum &#8211; Botrange<\/h2>\n\n\n\n<figure class=\"wp-block-image size-full is-resized\"><img loading=\"lazy\" decoding=\"async\" width=\"680\" height=\"510\" src=\"https:\/\/ulenspiegel-sourbrodt.com\/wp-content\/uploads\/2024\/10\/NP-1.jpg\" alt=\"\" class=\"wp-image-689\" style=\"width:247px;height:auto\" srcset=\"https:\/\/ulenspiegel-sourbrodt.com\/wp-content\/uploads\/2024\/10\/NP-1.jpg 680w, https:\/\/ulenspiegel-sourbrodt.com\/wp-content\/uploads\/2024\/10\/NP-1-600x450.jpg 600w\" sizes=\"auto, (max-width: 680px) 100vw, 680px\" \/><\/figure>\n\n\n\n<p>Das Naturparkzentrum Botrange &#8211; Maison du Parc befindet sich im Herzen des Hohen Venns. In diesem Naturhaus erfahren Sie alles \u00fcber das Hohe Venn, seine Flora und Fauna und vieles mehr! An der Rezeption des Maison du Parc erhalten Sie Wandertipps und Karten mit markierten Wanderungen f\u00fcr das gesamte Gebiet des Naturparks sind ebenfalls erh\u00e4ltlich.<\/p>\n\n\n\n<p class=\"has-vivid-cyan-blue-color has-text-color has-link-color wp-elements-a3d1db0576d956a79f5982c62aff085d\"><a href=\"https:\/\/www.ostbelgien.eu\/de\/fiche\/naturalreserves\/naturparkzentrum\" target=\"_blank\" rel=\"noreferrer noopener\">Mehr Info<\/a><\/p>\n\n\n\n<h2 class=\"wp-block-heading\">Skilanglauf und Alpinski<\/h2>\n\n\n\n<figure class=\"wp-block-image size-full is-resized\"><img loading=\"lazy\" decoding=\"async\" width=\"310\" height=\"233\" src=\"https:\/\/ulenspiegel-sourbrodt.com\/wp-content\/uploads\/2024\/10\/ll2.webp\" alt=\"\" class=\"wp-image-692\" style=\"width:244px;height:auto\"\/><\/figure>\n\n\n\n<p>Im Hohen Venn k\u00f6nnen Sie auch dem Wintersport fr\u00f6nen. Nur wenige Kilometer von unserem Hotel entfernt gibt es eine Langlaufloipe in Sourbrodt und eine alpine Skipiste in Ovifat. Au\u00dferdem finden Sie mehrere Skizentren im Hohen Venn. In Richtung Elsenborn befindet sich das Langlauf- und Biathlon-Trainingszentrum Herzeb\u00f6sch, wo auch Rollerski-Training angeboten wird.<\/p>\n\n\n\n<p class=\"has-vivid-cyan-blue-color has-text-color has-link-color wp-elements-64ba151b81b1e65cf8caa26addf0c004\"><a href=\"https:\/\/de.wikiloc.com\/routen-skilanglauf\/sourbrodt-demi-renard-63433457\" target=\"_blank\" rel=\"noreferrer noopener\">Mehr Info<\/a><\/p>\n\n\n\n<p class=\"has-vivid-cyan-blue-color has-text-color has-link-color wp-elements-8d3faf290cdd27f4da1670e01d29d823\"><a href=\"https:\/\/www.ostbelgien.eu\/de\/fiche\/wintersports\/club-de-ski-alpin-d-ovifat\" target=\"_blank\" rel=\"noreferrer noopener\">Mehr Info<\/a><\/p>\n\n\n\n<h2 class=\"wp-block-heading\">Burg Reinhardstein<\/h2>\n\n\n\n<figure class=\"wp-block-image size-full is-resized\"><img loading=\"lazy\" decoding=\"async\" width=\"800\" height=\"600\" src=\"https:\/\/ulenspiegel-sourbrodt.com\/wp-content\/uploads\/2024\/10\/rh.gif\" alt=\"\" class=\"wp-image-695\" style=\"width:241px;height:auto\"\/><\/figure>\n\n\n\n<p>Das Schloss lebt wieder auf! Der gemeinn\u00fctzige Verein Reinhardstein bem\u00fcht sich Jahr f\u00fcr Jahr, zahlreiche Veranstaltungen anzubieten. Die allj\u00e4hrlichen mittelalterlichen Feste werden durch Themenwochenenden (Musikkonzerte, Auff\u00fchrungen, Verkostungen, Nachtwanderungen usw.) erg\u00e4nzt, die f\u00fcr jeden, ob gro\u00df oder klein, etwas zu bieten haben.<\/p>\n\n\n\n<p class=\"has-vivid-cyan-blue-color has-text-color has-link-color wp-elements-16605f4e73212c767b8d3ccd18bb93d8\"><a href=\"https:\/\/www.reinhardstein.net\/de\/le-chateau\" target=\"_blank\" rel=\"noreferrer noopener\">Mehr Info<\/a><\/p>\n\n\n\n<div style=\"height:5px\" aria-hidden=\"true\" class=\"wp-block-spacer\"><\/div>\n\n\n\n<h2 class=\"wp-block-heading\">Rennstrecke von Spa-Francorchamps<\/h2>\n\n\n\n<figure class=\"wp-block-image size-full is-resized\"><img loading=\"lazy\" decoding=\"async\" width=\"1920\" height=\"1079\" src=\"https:\/\/ulenspiegel-sourbrodt.com\/wp-content\/uploads\/2024\/12\/spa.jpg\" alt=\"\" class=\"wp-image-797\" style=\"width:254px;height:auto\" srcset=\"https:\/\/ulenspiegel-sourbrodt.com\/wp-content\/uploads\/2024\/12\/spa.jpg 1920w, https:\/\/ulenspiegel-sourbrodt.com\/wp-content\/uploads\/2024\/12\/spa-600x337.jpg 600w, https:\/\/ulenspiegel-sourbrodt.com\/wp-content\/uploads\/2024\/12\/spa-768x432.jpg 768w, https:\/\/ulenspiegel-sourbrodt.com\/wp-content\/uploads\/2024\/12\/spa-1536x863.jpg 1536w\" sizes=\"auto, (max-width: 1920px) 100vw, 1920px\" \/><\/figure>\n\n\n\n<p>Die Formel 1 ist zweifelsohne eines der gr\u00f6\u00dften und beliebtesten Sportereignisse in Belgien. Starke Motoren, mitrei\u00dfende Emotionen, eine Rennstrecke voller Geschichten und Legenden und das alles inmitten der wilden und beeindruckenden Natur des Tals von Eau Rouge\u2026 Das wird Sie nicht unber\u00fchrt lassen!<\/p>\n\n\n\n<p>Das Museum der Rennstrecke in der Abtei von Stavelot erz\u00e4hlt nicht nur von der Vergangenheit, sondern auch von der Gegenwart: prestigetr\u00e4chtige Autos und Motorr\u00e4der, zahlreiche Dokumente und Fotos.<\/p>\n\n\n\n<p class=\"has-vivid-cyan-blue-color has-text-color has-link-color wp-elements-0ce7723aef1de9d55f3e0c3cf1d3a1cf\"><a href=\"https:\/\/www.spa-francorchamps.be\/de\/\" target=\"_blank\" rel=\"noreferrer noopener\">Mehr Info<\/a><\/p>\n\n\n\n<h2 class=\"wp-block-heading\">Seen und Talsperren<\/h2>\n\n\n\n<figure class=\"wp-block-image size-full is-resized\"><img loading=\"lazy\" decoding=\"async\" width=\"1000\" height=\"667\" src=\"https:\/\/ulenspiegel-sourbrodt.com\/wp-content\/uploads\/2024\/11\/robert.jpg\" alt=\"\" class=\"wp-image-706\" style=\"width:222px;height:auto\" srcset=\"https:\/\/ulenspiegel-sourbrodt.com\/wp-content\/uploads\/2024\/11\/robert.jpg 1000w, https:\/\/ulenspiegel-sourbrodt.com\/wp-content\/uploads\/2024\/11\/robert-600x400.jpg 600w, https:\/\/ulenspiegel-sourbrodt.com\/wp-content\/uploads\/2024\/11\/robert-768x512.jpg 768w\" sizes=\"auto, (max-width: 1000px) 100vw, 1000px\" \/><\/figure>\n\n\n\n<p>Die Seen in der Umgebung sind ein ausgezeichneter Ort f\u00fcr Erholung, Entspannung und Sport: Robertville-les-Bains, Butgenbach oder Gileppe. Je nach Ort finden Sie Sandstr\u00e4nde, Schwimmen, Wassertrampolin, Elektroboote, Tretboote, Ruderboote, Kajaks, Paddel, Grillen auf einem Boot in der Mitte des Sees (Bateau Grill Island), Beach-Volleyball, Wasser-Volleyball, einen Akkropark und vieles mehr.<\/p>\n\n\n\n<p class=\"has-vivid-cyan-blue-color has-text-color has-link-color wp-elements-cca24839a8aa3a21d23ce3dfa0c95a92\"><a href=\"https:\/\/www.waimeshautesfagnes.be\/de\/decouvrir\/incontournables\/lac-de-robertville.htm\" target=\"_blank\" rel=\"noreferrer noopener\">Mehr Info<\/a><\/p>\n\n\n\n<p class=\"has-vivid-cyan-blue-color has-text-color has-link-color wp-elements-8d07d66d17701a24415a81ce4280e898\"><a href=\"https:\/\/www.ostbelgien.eu\/de\/fiche\/bathingplaces\/see-butgenbach\" target=\"_blank\" rel=\"noreferrer noopener\">Mehr Info<\/a><\/p>\n\n\n\n<p class=\"has-vivid-cyan-blue-color has-text-color has-link-color wp-elements-e5133546f678764599e47ccf5d69c2a6\"><a href=\"https:\/\/visitwallonia.de\/de\/content\/die-gileppe-talsperre?cookie_lang=de\" target=\"_blank\" rel=\"noreferrer noopener\">Mehr Info<\/a><\/p>\n\n\n\n<h2 class=\"wp-block-heading\">Monschau<\/h2>\n\n\n\n<figure class=\"wp-block-image size-full is-resized\"><img loading=\"lazy\" decoding=\"async\" width=\"540\" height=\"312\" src=\"https:\/\/ulenspiegel-sourbrodt.com\/wp-content\/uploads\/2024\/11\/monschau.jpg\" alt=\"\" class=\"wp-image-708\" style=\"width:249px;height:auto\"\/><\/figure>\n\n\n\n<p>Monschau ist eine der sch\u00f6nsten St\u00e4dte in der deutschen Eifel. Monschaus charmante Stra\u00dfen voller historischer Fachwerkh\u00e4user sind von unvergleichlicher Sch\u00f6nheit. Monschau liegt im engen und tiefen Tal der Rur (niederl\u00e4ndisch: Roer), nur wenige Kilometer von der belgischen Grenze entfernt.<\/p>\n\n\n\n<p class=\"has-vivid-cyan-blue-color has-text-color has-link-color wp-elements-f2490117a66d9f2b65f65f3692289be6\"><a href=\"https:\/\/www.eifel.info\/a-historische-altstadt-monschau\" target=\"_blank\" rel=\"noreferrer noopener\">Mehr Info<\/a><\/p>\n\n\n\n<h2 class=\"wp-block-heading\">Railbike<\/h2>\n\n\n\n<figure class=\"wp-block-image size-full is-resized\"><img loading=\"lazy\" decoding=\"async\" width=\"666\" height=\"500\" src=\"https:\/\/ulenspiegel-sourbrodt.com\/wp-content\/uploads\/2024\/11\/railbike.webp\" alt=\"\" class=\"wp-image-710\" style=\"width:238px;height:auto\" srcset=\"https:\/\/ulenspiegel-sourbrodt.com\/wp-content\/uploads\/2024\/11\/railbike.webp 666w, https:\/\/ulenspiegel-sourbrodt.com\/wp-content\/uploads\/2024\/11\/railbike-600x450.webp 600w\" sizes=\"auto, (max-width: 666px) 100vw, 666px\" \/><\/figure>\n\n\n\n<p>Kaum 100 m von unserem Hotel entfernt befindet sich das Railbike. Sie starten in Leykaul und fahren auf einer 7 Kilometer langen ehemaligen Eisenbahnstrecke, der Vennbahn. Auf dem Weg nach Sourbrodt ziehen die sch\u00f6nsten Landschaften an Ihnen vorbei. Eine lustige und sportliche R\u00fcckfahrt in die Pedale!<\/p>\n\n\n\n<p class=\"has-vivid-cyan-blue-color has-text-color has-link-color wp-elements-eb4725e8065611662d3418c75bf45fa8\"><a href=\"https:\/\/www.railbike.be\/de\/railbike-im-hohen-venn.html\" target=\"_blank\" rel=\"noreferrer noopener\">Mehr Info<\/a><\/p>\n\n\n\n<div style=\"height:5px\" aria-hidden=\"true\" class=\"wp-block-spacer\"><\/div>\n\n\n\n<h2 class=\"wp-block-heading\">Schieferstollen &amp; Blausteinmuseum Recht<\/h2>\n\n\n\n<figure class=\"wp-block-image size-full is-resized\"><img loading=\"lazy\" decoding=\"async\" width=\"750\" height=\"496\" src=\"https:\/\/ulenspiegel-sourbrodt.com\/wp-content\/uploads\/2024\/11\/recht.webp\" alt=\"\" class=\"wp-image-713\" style=\"width:255px;height:auto\" srcset=\"https:\/\/ulenspiegel-sourbrodt.com\/wp-content\/uploads\/2024\/11\/recht.webp 750w, https:\/\/ulenspiegel-sourbrodt.com\/wp-content\/uploads\/2024\/11\/recht-600x397.webp 600w\" sizes=\"auto, (max-width: 750px) 100vw, 750px\" \/><\/figure>\n\n\n\n<p>Wie entstand der Rechter Schiefer? Wo wurde dieser verwendet? Woher kommen die Wetzsteine? Welche Rolle spielten die Tiroler Steinmetze? Weshalb war die Dachschiefersuche der Gebr\u00fcder Margraff nicht von Erfolg gekr\u00f6nt? Oder was haben Haie und Fr\u00f6sche mit dem Rechter Blaustein zu tun?<\/p>\n\n\n\n<p class=\"has-vivid-cyan-blue-color has-text-color has-link-color wp-elements-c25a9e088fb08969b323ae5462464d34\"><a href=\"https:\/\/www.schieferstollen-recht.be\/der-stollen\/\" target=\"_blank\" rel=\"noreferrer noopener\">Mehr Info<\/a><\/p>\n\n\n\n<p><\/p>\n","protected":false},"excerpt":{"rendered":"<p>Hohe Venn Der Naturpark Hohes Venn ist mit einer Fl\u00e4che von fast 5.000 ha das gr\u00f6\u00dfte Naturschutzgebiet Belgiens und zeichnet sich unter anderem durch das Vorhandensein von Torfmooren aus. Der h\u00f6chste Punkt Belgiens liegt im Hohen Venn. Das Hohe Venn beginnt direkt vor unserer Haust\u00fcr. Mehr Info Vennbahn Der Vennbahn-Radweg<a class=\"read-more\" href=\"https:\/\/ulenspiegel-sourbrodt.com\/de\/activities\/\"> ( more&#8230; )<\/a><\/p>\n","protected":false},"author":1,"featured_media":0,"parent":0,"menu_order":0,"comment_status":"closed","ping_status":"closed","template":"","meta":{"_uag_custom_page_level_css":"","advgb_blocks_editor_width":"","advgb_blocks_columns_visual_guide":"","footnotes":""},"class_list":["post-644","page","type-page","status-publish","hentry"],"translation":{"provider":"WPGlobus","version":"3.0.2","language":"de","enabled_languages":["nl","fr","de"],"languages":{"nl":{"title":true,"content":true,"excerpt":false},"fr":{"title":true,"content":true,"excerpt":false},"de":{"title":true,"content":true,"excerpt":false}}},"uagb_featured_image_src":{"full":false,"thumbnail":false,"medium":false,"medium_large":false,"large":false,"1536x1536":false,"2048x2048":false,"backdrop-small-thumbnails":false,"backdrop-medium-thumbnails":false,"backdrop-large-thumbnails":false},"uagb_author_info":{"display_name":"pieter93","author_link":"https:\/\/ulenspiegel-sourbrodt.com\/de\/author\/pieter93\/"},"uagb_comment_info":0,"uagb_excerpt":"Hohe Venn Der Naturpark Hohes Venn ist mit einer Fl\u00e4che von fast 5.000 ha das gr\u00f6\u00dfte Naturschutzgebiet Belgiens und zeichnet sich unter anderem durch das Vorhandensein von Torfmooren aus. Der h\u00f6chste Punkt Belgiens liegt im Hohen Venn. Das Hohe Venn beginnt direkt vor unserer Haust\u00fcr. Mehr Info Vennbahn Der Vennbahn-Radweg ( more... )","coauthors":[],"author_meta":{"author_link":"https:\/\/ulenspiegel-sourbrodt.com\/de\/author\/pieter93\/","display_name":"pieter93"},"relative_dates":{"created":"Ver\u00f6ffentlicht 2 years vor","modified":"Aktualisiert 11 months vor"},"absolute_dates":{"created":"Ver\u00f6ffentlicht am 27 October 2024","modified":"Aktualisiert am 26 May 2025"},"absolute_dates_time":{"created":"Ver\u00f6ffentlicht am 27 October 2024 15:42","modified":"Aktualisiert am 26 May 2025 07:38"},"featured_img_caption":"","featured_img":false,"series_order":"","_links":{"self":[{"href":"https:\/\/ulenspiegel-sourbrodt.com\/de\/wp-json\/wp\/v2\/pages\/644","targetHints":{"allow":["GET"]}}],"collection":[{"href":"https:\/\/ulenspiegel-sourbrodt.com\/de\/wp-json\/wp\/v2\/pages"}],"about":[{"href":"https:\/\/ulenspiegel-sourbrodt.com\/de\/wp-json\/wp\/v2\/types\/page"}],"author":[{"embeddable":true,"href":"https:\/\/ulenspiegel-sourbrodt.com\/de\/wp-json\/wp\/v2\/users\/1"}],"replies":[{"embeddable":true,"href":"https:\/\/ulenspiegel-sourbrodt.com\/de\/wp-json\/wp\/v2\/comments?post=644"}],"version-history":[{"count":111,"href":"https:\/\/ulenspiegel-sourbrodt.com\/de\/wp-json\/wp\/v2\/pages\/644\/revisions"}],"predecessor-version":[{"id":1748,"href":"https:\/\/ulenspiegel-sourbrodt.com\/de\/wp-json\/wp\/v2\/pages\/644\/revisions\/1748"}],"wp:attachment":[{"href":"https:\/\/ulenspiegel-sourbrodt.com\/de\/wp-json\/wp\/v2\/media?parent=644"}],"curies":[{"name":"wp","href":"https:\/\/api.w.org\/{rel}","templated":true}]}}