{"id":766,"date":"2024-11-03T16:59:19","date_gmt":"2024-11-03T16:59:19","guid":{"rendered":"https:\/\/ulenspiegel-sourbrodt.com\/?page_id=766"},"modified":"2025-06-11T13:33:33","modified_gmt":"2025-06-11T13:33:33","slug":"wouw","status":"publish","type":"page","link":"https:\/\/ulenspiegel-sourbrodt.com\/de\/wouw\/","title":{"rendered":"Wouw"},"content":{"rendered":"\n<p>Maximal 4 Personen<\/p>\n\n\n\n<p><strong>Familienzimmer &#8220;Wouw&#8221;<\/strong><\/p>\n\n\n<style type=\"text\/css\">\n#foogallery-gallery-730 .fg-image { width: 130px; }\n#foogallery-gallery-730 { --fg-gutter: 10px; }<\/style>\n\t\t\t<div class=\"foogallery foogallery-container foogallery-default foogallery-lightbox-foobox fg-center fg-default fg-ready fg-light fg-border-thin fg-shadow-outline fg-loading-default fg-loaded-fade-in fg-caption-hover fg-hover-fade fg-hover-zoom\" id=\"foogallery-gallery-730\" data-foogallery=\"{&quot;item&quot;:{&quot;showCaptionTitle&quot;:true,&quot;showCaptionDescription&quot;:true},&quot;lazy&quot;:true}\" style=\"--fg-title-line-clamp: 0; --fg-description-line-clamp: 0;\" >\n\t<div class=\"fg-item fg-type-image fg-idle\"><figure class=\"fg-item-inner\"><a href=\"https:\/\/ulenspiegel-sourbrodt.com\/wp-content\/uploads\/2024\/11\/20250412_115939-4.jpg\" data-caption-title=\"Wouw\" data-attachment-id=\"1562\" data-type=\"image\" class=\"fg-thumb\"><span class=\"fg-image-wrap\"><img decoding=\"async\" title=\"Wouw\" width=\"130\" height=\"97\" class=\"skip-lazy fg-image\" data-src-fg=\"https:\/\/ulenspiegel-sourbrodt.com\/wp-content\/uploads\/cache\/2024\/11\/20250412_115939-4\/2354953966.jpg\" src=\"data:image\/svg+xml,%3Csvg%20xmlns%3D%22http%3A%2F%2Fwww.w3.org%2F2000%2Fsvg%22%20width%3D%22130%22%20height%3D%2297%22%20viewBox%3D%220%200%20130%2097%22%3E%3C%2Fsvg%3E\" loading=\"eager\"><\/span><span class=\"fg-image-overlay\"><\/span><\/a><figcaption class=\"fg-caption\"><div class=\"fg-caption-inner\"><div class=\"fg-caption-title\">Wouw<\/div><\/div><\/figcaption><\/figure><div class=\"fg-loader\"><\/div><\/div><div class=\"fg-item fg-type-image fg-idle\"><figure class=\"fg-item-inner\"><a href=\"https:\/\/ulenspiegel-sourbrodt.com\/wp-content\/uploads\/2024\/11\/2025-04-15-19_52_57.1170200-2.jpg\" data-attachment-id=\"1561\" data-type=\"image\" class=\"fg-thumb\"><span class=\"fg-image-wrap\"><img decoding=\"async\" width=\"130\" height=\"97\" class=\"skip-lazy fg-image\" data-src-fg=\"https:\/\/ulenspiegel-sourbrodt.com\/wp-content\/uploads\/cache\/2024\/11\/2025-04-15-19_52_57_1170200-2\/797283367.jpg\" src=\"data:image\/svg+xml,%3Csvg%20xmlns%3D%22http%3A%2F%2Fwww.w3.org%2F2000%2Fsvg%22%20width%3D%22130%22%20height%3D%2297%22%20viewBox%3D%220%200%20130%2097%22%3E%3C%2Fsvg%3E\" loading=\"eager\"><\/span><span class=\"fg-image-overlay\"><\/span><\/a><\/figure><div class=\"fg-loader\"><\/div><\/div><div class=\"fg-item fg-type-image fg-idle\"><figure class=\"fg-item-inner\"><a href=\"https:\/\/ulenspiegel-sourbrodt.com\/wp-content\/uploads\/2024\/11\/20250609_103443-scaled.jpg\" data-attachment-id=\"1977\" data-type=\"image\" class=\"fg-thumb\"><span class=\"fg-image-wrap\"><img decoding=\"async\" width=\"130\" height=\"97\" class=\"skip-lazy fg-image\" data-src-fg=\"https:\/\/ulenspiegel-sourbrodt.com\/wp-content\/uploads\/cache\/2024\/11\/20250609_103443-scaled\/3638333571.jpg\" src=\"data:image\/svg+xml,%3Csvg%20xmlns%3D%22http%3A%2F%2Fwww.w3.org%2F2000%2Fsvg%22%20width%3D%22130%22%20height%3D%2297%22%20viewBox%3D%220%200%20130%2097%22%3E%3C%2Fsvg%3E\" loading=\"eager\"><\/span><span class=\"fg-image-overlay\"><\/span><\/a><\/figure><div class=\"fg-loader\"><\/div><\/div><div class=\"fg-item fg-type-image fg-idle\"><figure class=\"fg-item-inner\"><a href=\"https:\/\/ulenspiegel-sourbrodt.com\/wp-content\/uploads\/2024\/11\/20250412_120525-2.jpg\" data-attachment-id=\"1564\" data-type=\"image\" class=\"fg-thumb\"><span class=\"fg-image-wrap\"><img decoding=\"async\" width=\"130\" height=\"97\" class=\"skip-lazy fg-image\" data-src-fg=\"https:\/\/ulenspiegel-sourbrodt.com\/wp-content\/uploads\/cache\/2024\/11\/20250412_120525-2\/853674688.jpg\" src=\"data:image\/svg+xml,%3Csvg%20xmlns%3D%22http%3A%2F%2Fwww.w3.org%2F2000%2Fsvg%22%20width%3D%22130%22%20height%3D%2297%22%20viewBox%3D%220%200%20130%2097%22%3E%3C%2Fsvg%3E\" loading=\"eager\"><\/span><span class=\"fg-image-overlay\"><\/span><\/a><\/figure><div class=\"fg-loader\"><\/div><\/div><div class=\"fg-item fg-type-image fg-idle\"><figure class=\"fg-item-inner\"><a href=\"https:\/\/ulenspiegel-sourbrodt.com\/wp-content\/uploads\/2024\/11\/20250412_121157-2.jpg\" data-attachment-id=\"1567\" data-type=\"image\" class=\"fg-thumb\"><span class=\"fg-image-wrap\"><img decoding=\"async\" width=\"130\" height=\"97\" class=\"skip-lazy fg-image\" data-src-fg=\"https:\/\/ulenspiegel-sourbrodt.com\/wp-content\/uploads\/cache\/2024\/11\/20250412_121157-2\/2720989523.jpg\" src=\"data:image\/svg+xml,%3Csvg%20xmlns%3D%22http%3A%2F%2Fwww.w3.org%2F2000%2Fsvg%22%20width%3D%22130%22%20height%3D%2297%22%20viewBox%3D%220%200%20130%2097%22%3E%3C%2Fsvg%3E\" loading=\"eager\"><\/span><span class=\"fg-image-overlay\"><\/span><\/a><\/figure><div class=\"fg-loader\"><\/div><\/div><div class=\"fg-item fg-type-image fg-idle\"><figure class=\"fg-item-inner\"><a href=\"https:\/\/ulenspiegel-sourbrodt.com\/wp-content\/uploads\/2024\/11\/20250412_120923-2.jpg\" data-attachment-id=\"1565\" data-type=\"image\" class=\"fg-thumb\"><span class=\"fg-image-wrap\"><img decoding=\"async\" width=\"130\" height=\"97\" class=\"skip-lazy fg-image\" data-src-fg=\"https:\/\/ulenspiegel-sourbrodt.com\/wp-content\/uploads\/cache\/2024\/11\/20250412_120923-2\/2908213620.jpg\" src=\"data:image\/svg+xml,%3Csvg%20xmlns%3D%22http%3A%2F%2Fwww.w3.org%2F2000%2Fsvg%22%20width%3D%22130%22%20height%3D%2297%22%20viewBox%3D%220%200%20130%2097%22%3E%3C%2Fsvg%3E\" loading=\"eager\"><\/span><span class=\"fg-image-overlay\"><\/span><\/a><\/figure><div class=\"fg-loader\"><\/div><\/div><div class=\"fg-item fg-type-image fg-idle\"><figure class=\"fg-item-inner\"><a href=\"https:\/\/ulenspiegel-sourbrodt.com\/wp-content\/uploads\/2024\/11\/2025-06-22-08_35_57.4410200-scaled.jpg\" data-attachment-id=\"2002\" data-type=\"image\" class=\"fg-thumb\"><span class=\"fg-image-wrap\"><img decoding=\"async\" width=\"130\" height=\"97\" class=\"skip-lazy fg-image\" data-src-fg=\"https:\/\/ulenspiegel-sourbrodt.com\/wp-content\/uploads\/cache\/2024\/11\/2025-06-22-08_35_57_4410200-scaled\/1348555678.jpg\" src=\"data:image\/svg+xml,%3Csvg%20xmlns%3D%22http%3A%2F%2Fwww.w3.org%2F2000%2Fsvg%22%20width%3D%22130%22%20height%3D%2297%22%20viewBox%3D%220%200%20130%2097%22%3E%3C%2Fsvg%3E\" loading=\"eager\"><\/span><span class=\"fg-image-overlay\"><\/span><\/a><\/figure><div class=\"fg-loader\"><\/div><\/div><\/div>\n\n\n\n\n<p>Ger\u00e4umiges Familienzimmer von 34 m<sup>2<\/sup> mit 2 separaten Zimmern<\/p>\n\n\n\n<ul class=\"wp-block-list\">\n<li>Kingsize Bett von 180&#215;200 (oder 2 Einzelbetten von 90&#215;200)<\/li>\n\n\n\n<li>1 Etagenbett mit 2 Betten 90&#215;200 (1 Erwachsener + 1 Kind oder 2 Kinder) (max. 90 kg)<\/li>\n<\/ul>\n\n\n\n<p><span style=\"text-decoration: underline;\">Ausstattung :<\/span><\/p>\n\n\n\n<div class=\"wp-block-advgb-list\"><ul class=\"advgblist-f58ccb62-f0d6-4c17-8f53-fc4da458313a\">\n<li>Badezimmer mit Toilette und Dusche<\/li>\n\n\n\n<li>Bettw\u00e4sche und Badet\u00fccher<\/li>\n\n\n\n<li>Haarf\u00f6n<\/li>\n\n\n\n<li>B\u00fcro<\/li>\n\n\n\n<li>Farbfernsehger\u00e4t (Smart TV)<\/li>\n\n\n\n<li>WIFI \/ LAN<\/li>\n\n\n\n<li>Rauchfrei<\/li>\n\n\n\n<li>Anti-allergener Bodenbelag<\/li>\n\n\n\n<li>Haustiere nicht zugelassen<\/li>\n\n\n\n<li>Kostenlose Parkpl\u00e4tze<\/li>\n\n\n\n<li>Kostenloses Parken und Aufladen von Fahrr\u00e4dern<\/li>\n\n\n\n<li>Fr\u00fchst\u00fccksbuffet zwischen 8h und 10h <\/li>\n<\/ul><\/div>\n\n\n\n<p><span style=\"text-decoration: underline;\">Praktische Angaben :<\/span><\/p>\n\n\n\n<ul class=\"wp-block-list\">\n<li>Auschecken bis sp\u00e4testens 11 Uhr<\/li>\n\n\n\n<li>Einchecken von 14h bis 20h (f\u00fcr Ank\u00fcnfte nach 20h bitte melden)<\/li>\n<\/ul>\n\n\n\n<p><span style=\"text-decoration: underline;\">Preise und Verf\u00fcgbarkeiten :<\/span> siehe reservieren<\/p>\n\n\n\n<p><\/p>\n<style class=\"advgb-styles-renderer\">.wp-block-advgb-list ul.advgblist-f58ccb62-f0d6-4c17-8f53-fc4da458313a > li{font-size:16px;}<\/style>","protected":false},"excerpt":{"rendered":"<p>Maximal 4 Personen Familienzimmer &#8220;Wouw&#8221; Ger\u00e4umiges Familienzimmer von 34 m2 mit 2 separaten Zimmern Ausstattung : Praktische Angaben : Preise und Verf\u00fcgbarkeiten : siehe reservieren<\/p>\n","protected":false},"author":1,"featured_media":0,"parent":0,"menu_order":0,"comment_status":"closed","ping_status":"closed","template":"","meta":{"_uag_custom_page_level_css":"","advgb_blocks_editor_width":"","advgb_blocks_columns_visual_guide":"","footnotes":""},"class_list":["post-766","page","type-page","status-publish","hentry"],"translation":{"provider":"WPGlobus","version":"3.0.2","language":"de","enabled_languages":["nl","fr","de"],"languages":{"nl":{"title":true,"content":true,"excerpt":false},"fr":{"title":true,"content":true,"excerpt":false},"de":{"title":true,"content":true,"excerpt":false}}},"uagb_featured_image_src":{"full":false,"thumbnail":false,"medium":false,"medium_large":false,"large":false,"1536x1536":false,"2048x2048":false,"backdrop-small-thumbnails":false,"backdrop-medium-thumbnails":false,"backdrop-large-thumbnails":false},"uagb_author_info":{"display_name":"pieter93","author_link":"https:\/\/ulenspiegel-sourbrodt.com\/de\/author\/pieter93\/"},"uagb_comment_info":0,"uagb_excerpt":"Maximal 4 Personen Familienzimmer &#8220;Wouw&#8221; Ger\u00e4umiges Familienzimmer von 34 m2 mit 2 separaten Zimmern Ausstattung : Praktische Angaben : Preise und Verf\u00fcgbarkeiten : siehe reservieren","coauthors":[],"author_meta":{"author_link":"https:\/\/ulenspiegel-sourbrodt.com\/de\/author\/pieter93\/","display_name":"pieter93"},"relative_dates":{"created":"Ver\u00f6ffentlicht 1 year vor","modified":"Aktualisiert 10 months vor"},"absolute_dates":{"created":"Ver\u00f6ffentlicht am 3 November 2024","modified":"Aktualisiert am 11 June 2025"},"absolute_dates_time":{"created":"Ver\u00f6ffentlicht am 3 November 2024 16:59","modified":"Aktualisiert am 11 June 2025 13:33"},"featured_img_caption":"","featured_img":false,"series_order":"","_links":{"self":[{"href":"https:\/\/ulenspiegel-sourbrodt.com\/de\/wp-json\/wp\/v2\/pages\/766","targetHints":{"allow":["GET"]}}],"collection":[{"href":"https:\/\/ulenspiegel-sourbrodt.com\/de\/wp-json\/wp\/v2\/pages"}],"about":[{"href":"https:\/\/ulenspiegel-sourbrodt.com\/de\/wp-json\/wp\/v2\/types\/page"}],"author":[{"embeddable":true,"href":"https:\/\/ulenspiegel-sourbrodt.com\/de\/wp-json\/wp\/v2\/users\/1"}],"replies":[{"embeddable":true,"href":"https:\/\/ulenspiegel-sourbrodt.com\/de\/wp-json\/wp\/v2\/comments?post=766"}],"version-history":[{"count":61,"href":"https:\/\/ulenspiegel-sourbrodt.com\/de\/wp-json\/wp\/v2\/pages\/766\/revisions"}],"predecessor-version":[{"id":1995,"href":"https:\/\/ulenspiegel-sourbrodt.com\/de\/wp-json\/wp\/v2\/pages\/766\/revisions\/1995"}],"wp:attachment":[{"href":"https:\/\/ulenspiegel-sourbrodt.com\/de\/wp-json\/wp\/v2\/media?parent=766"}],"curies":[{"name":"wp","href":"https:\/\/api.w.org\/{rel}","templated":true}]}}