{"id":954,"date":"2025-01-17T11:18:00","date_gmt":"2025-01-17T11:18:00","guid":{"rendered":"https:\/\/ulenspiegel-sourbrodt.com\/?page_id=954"},"modified":"2025-06-11T13:36:14","modified_gmt":"2025-06-11T13:36:14","slug":"hofwohnung","status":"publish","type":"page","link":"https:\/\/ulenspiegel-sourbrodt.com\/de\/hofwohnung\/","title":{"rendered":"Hofwohnung"},"content":{"rendered":"\n<p>Maximal 4 Personen<\/p>\n\n\n\n<p><strong>Studio &#8220;Hofwohnung&#8221;<\/strong><\/p>\n\n\n<style type=\"text\/css\">\n#foogallery-gallery-1352 .fg-image { width: 180px; }\n#foogallery-gallery-1352 { --fg-gutter: 10px; }<\/style>\n\t\t\t<div class=\"foogallery foogallery-container foogallery-default foogallery-lightbox-foobox fg-center fg-default fg-ready fg-light fg-border-thin fg-shadow-outline fg-loading-default fg-loaded-fade-in fg-caption-hover fg-hover-fade fg-hover-zoom\" id=\"foogallery-gallery-1352\" data-foogallery=\"{&quot;item&quot;:{&quot;showCaptionTitle&quot;:true,&quot;showCaptionDescription&quot;:true},&quot;lazy&quot;:true}\" style=\"--fg-title-line-clamp: 0; --fg-description-line-clamp: 0;\" >\n\t<div class=\"fg-item fg-type-image fg-idle\"><figure class=\"fg-item-inner\"><a href=\"https:\/\/ulenspiegel-sourbrodt.com\/wp-content\/uploads\/2025\/03\/20250414_105930-1.jpg\" data-attachment-id=\"1603\" data-type=\"image\" class=\"fg-thumb\"><span class=\"fg-image-wrap\"><img decoding=\"async\" width=\"180\" height=\"135\" class=\"skip-lazy fg-image\" data-src-fg=\"https:\/\/ulenspiegel-sourbrodt.com\/wp-content\/uploads\/cache\/2025\/03\/20250414_105930-1\/1308374856.jpg\" src=\"data:image\/svg+xml,%3Csvg%20xmlns%3D%22http%3A%2F%2Fwww.w3.org%2F2000%2Fsvg%22%20width%3D%22180%22%20height%3D%22135%22%20viewBox%3D%220%200%20180%20135%22%3E%3C%2Fsvg%3E\" loading=\"eager\"><\/span><span class=\"fg-image-overlay\"><\/span><\/a><\/figure><div class=\"fg-loader\"><\/div><\/div><div class=\"fg-item fg-type-image fg-idle\"><figure class=\"fg-item-inner\"><a href=\"https:\/\/ulenspiegel-sourbrodt.com\/wp-content\/uploads\/2025\/03\/20250414_110016-1.jpg\" data-attachment-id=\"1604\" data-type=\"image\" class=\"fg-thumb\"><span class=\"fg-image-wrap\"><img decoding=\"async\" width=\"180\" height=\"135\" class=\"skip-lazy fg-image\" data-src-fg=\"https:\/\/ulenspiegel-sourbrodt.com\/wp-content\/uploads\/cache\/2025\/03\/20250414_110016-1\/2318569338.jpg\" src=\"data:image\/svg+xml,%3Csvg%20xmlns%3D%22http%3A%2F%2Fwww.w3.org%2F2000%2Fsvg%22%20width%3D%22180%22%20height%3D%22135%22%20viewBox%3D%220%200%20180%20135%22%3E%3C%2Fsvg%3E\" loading=\"eager\"><\/span><span class=\"fg-image-overlay\"><\/span><\/a><\/figure><div class=\"fg-loader\"><\/div><\/div><div class=\"fg-item fg-type-image fg-idle\"><figure class=\"fg-item-inner\"><a href=\"https:\/\/ulenspiegel-sourbrodt.com\/wp-content\/uploads\/2025\/03\/20250414_102321-1.jpg\" data-attachment-id=\"1598\" data-type=\"image\" class=\"fg-thumb\"><span class=\"fg-image-wrap\"><img decoding=\"async\" width=\"180\" height=\"135\" class=\"skip-lazy fg-image\" data-src-fg=\"https:\/\/ulenspiegel-sourbrodt.com\/wp-content\/uploads\/cache\/2025\/03\/20250414_102321-1\/1519792830.jpg\" src=\"data:image\/svg+xml,%3Csvg%20xmlns%3D%22http%3A%2F%2Fwww.w3.org%2F2000%2Fsvg%22%20width%3D%22180%22%20height%3D%22135%22%20viewBox%3D%220%200%20180%20135%22%3E%3C%2Fsvg%3E\" loading=\"eager\"><\/span><span class=\"fg-image-overlay\"><\/span><\/a><\/figure><div class=\"fg-loader\"><\/div><\/div><div class=\"fg-item fg-type-image fg-idle\"><figure class=\"fg-item-inner\"><a href=\"https:\/\/ulenspiegel-sourbrodt.com\/wp-content\/uploads\/2025\/03\/20250414_104323-1.jpg\" data-attachment-id=\"1601\" data-type=\"image\" class=\"fg-thumb\"><span class=\"fg-image-wrap\"><img decoding=\"async\" width=\"180\" height=\"135\" class=\"skip-lazy fg-image\" data-src-fg=\"https:\/\/ulenspiegel-sourbrodt.com\/wp-content\/uploads\/cache\/2025\/03\/20250414_104323-1\/4138469314.jpg\" src=\"data:image\/svg+xml,%3Csvg%20xmlns%3D%22http%3A%2F%2Fwww.w3.org%2F2000%2Fsvg%22%20width%3D%22180%22%20height%3D%22135%22%20viewBox%3D%220%200%20180%20135%22%3E%3C%2Fsvg%3E\" loading=\"eager\"><\/span><span class=\"fg-image-overlay\"><\/span><\/a><\/figure><div class=\"fg-loader\"><\/div><\/div><div class=\"fg-item fg-type-image fg-idle\"><figure class=\"fg-item-inner\"><a href=\"https:\/\/ulenspiegel-sourbrodt.com\/wp-content\/uploads\/2025\/03\/20250414_102754-1.jpg\" data-attachment-id=\"1599\" data-type=\"image\" class=\"fg-thumb\"><span class=\"fg-image-wrap\"><img decoding=\"async\" width=\"180\" height=\"135\" class=\"skip-lazy fg-image\" data-src-fg=\"https:\/\/ulenspiegel-sourbrodt.com\/wp-content\/uploads\/cache\/2025\/03\/20250414_102754-1\/673081072.jpg\" src=\"data:image\/svg+xml,%3Csvg%20xmlns%3D%22http%3A%2F%2Fwww.w3.org%2F2000%2Fsvg%22%20width%3D%22180%22%20height%3D%22135%22%20viewBox%3D%220%200%20180%20135%22%3E%3C%2Fsvg%3E\" loading=\"eager\"><\/span><span class=\"fg-image-overlay\"><\/span><\/a><\/figure><div class=\"fg-loader\"><\/div><\/div><div class=\"fg-item fg-type-image fg-idle\"><figure class=\"fg-item-inner\"><a href=\"https:\/\/ulenspiegel-sourbrodt.com\/wp-content\/uploads\/2025\/03\/20250414_104749-1.jpg\" data-attachment-id=\"1602\" data-type=\"image\" class=\"fg-thumb\"><span class=\"fg-image-wrap\"><img decoding=\"async\" width=\"180\" height=\"135\" class=\"skip-lazy fg-image\" data-src-fg=\"https:\/\/ulenspiegel-sourbrodt.com\/wp-content\/uploads\/cache\/2025\/03\/20250414_104749-1\/317305452.jpg\" src=\"data:image\/svg+xml,%3Csvg%20xmlns%3D%22http%3A%2F%2Fwww.w3.org%2F2000%2Fsvg%22%20width%3D%22180%22%20height%3D%22135%22%20viewBox%3D%220%200%20180%20135%22%3E%3C%2Fsvg%3E\" loading=\"eager\"><\/span><span class=\"fg-image-overlay\"><\/span><\/a><\/figure><div class=\"fg-loader\"><\/div><\/div><div class=\"fg-item fg-type-image fg-idle\"><figure class=\"fg-item-inner\"><a href=\"https:\/\/ulenspiegel-sourbrodt.com\/wp-content\/uploads\/2025\/03\/20250414_104001.jpg\" data-attachment-id=\"1600\" data-type=\"image\" class=\"fg-thumb\"><span class=\"fg-image-wrap\"><img decoding=\"async\" width=\"180\" height=\"135\" class=\"skip-lazy fg-image\" data-src-fg=\"https:\/\/ulenspiegel-sourbrodt.com\/wp-content\/uploads\/cache\/2025\/03\/20250414_104001\/3190955236.jpg\" src=\"data:image\/svg+xml,%3Csvg%20xmlns%3D%22http%3A%2F%2Fwww.w3.org%2F2000%2Fsvg%22%20width%3D%22180%22%20height%3D%22135%22%20viewBox%3D%220%200%20180%20135%22%3E%3C%2Fsvg%3E\" loading=\"eager\"><\/span><span class=\"fg-image-overlay\"><\/span><\/a><\/figure><div class=\"fg-loader\"><\/div><\/div><div class=\"fg-item fg-type-image fg-idle\"><figure class=\"fg-item-inner\"><a href=\"https:\/\/ulenspiegel-sourbrodt.com\/wp-content\/uploads\/2025\/03\/20250414_094242-1.jpg\" data-caption-title=\"Hofwohnung\" data-attachment-id=\"1595\" data-type=\"image\" class=\"fg-thumb\"><span class=\"fg-image-wrap\"><img decoding=\"async\" title=\"Hofwohnung\" width=\"180\" height=\"135\" class=\"skip-lazy fg-image\" data-src-fg=\"https:\/\/ulenspiegel-sourbrodt.com\/wp-content\/uploads\/cache\/2025\/03\/20250414_094242-1\/2822116478.jpg\" src=\"data:image\/svg+xml,%3Csvg%20xmlns%3D%22http%3A%2F%2Fwww.w3.org%2F2000%2Fsvg%22%20width%3D%22180%22%20height%3D%22135%22%20viewBox%3D%220%200%20180%20135%22%3E%3C%2Fsvg%3E\" loading=\"eager\"><\/span><span class=\"fg-image-overlay\"><\/span><\/a><figcaption class=\"fg-caption\"><div class=\"fg-caption-inner\"><div class=\"fg-caption-title\">Hofwohnung<\/div><\/div><\/figcaption><\/figure><div class=\"fg-loader\"><\/div><\/div><div class=\"fg-item fg-type-image fg-idle\"><figure class=\"fg-item-inner\"><a href=\"https:\/\/ulenspiegel-sourbrodt.com\/wp-content\/uploads\/2025\/03\/20250414_094343-kopie.jpg\" data-attachment-id=\"1594\" data-type=\"image\" class=\"fg-thumb\"><span class=\"fg-image-wrap\"><img decoding=\"async\" width=\"180\" height=\"135\" class=\"skip-lazy fg-image\" data-src-fg=\"https:\/\/ulenspiegel-sourbrodt.com\/wp-content\/uploads\/cache\/2025\/03\/20250414_094343-kopie\/2230643738.jpg\" src=\"data:image\/svg+xml,%3Csvg%20xmlns%3D%22http%3A%2F%2Fwww.w3.org%2F2000%2Fsvg%22%20width%3D%22180%22%20height%3D%22135%22%20viewBox%3D%220%200%20180%20135%22%3E%3C%2Fsvg%3E\" loading=\"eager\"><\/span><span class=\"fg-image-overlay\"><\/span><\/a><\/figure><div class=\"fg-loader\"><\/div><\/div><div class=\"fg-item fg-type-image fg-idle\"><figure class=\"fg-item-inner\"><a href=\"https:\/\/ulenspiegel-sourbrodt.com\/wp-content\/uploads\/2025\/03\/20250616_143833-scaled.jpg\" data-attachment-id=\"2008\" data-type=\"image\" class=\"fg-thumb\"><span class=\"fg-image-wrap\"><img decoding=\"async\" width=\"180\" height=\"135\" class=\"skip-lazy fg-image\" data-src-fg=\"https:\/\/ulenspiegel-sourbrodt.com\/wp-content\/uploads\/cache\/2025\/03\/20250616_143833-scaled\/4167999040.jpg\" src=\"data:image\/svg+xml,%3Csvg%20xmlns%3D%22http%3A%2F%2Fwww.w3.org%2F2000%2Fsvg%22%20width%3D%22180%22%20height%3D%22135%22%20viewBox%3D%220%200%20180%20135%22%3E%3C%2Fsvg%3E\" loading=\"eager\"><\/span><span class=\"fg-image-overlay\"><\/span><\/a><\/figure><div class=\"fg-loader\"><\/div><\/div><\/div>\n\n\n\n\n<p>Ger\u00e4umiges 40 m2 Studio mit 1 separatem Zimmer<\/p>\n\n\n\n<ul class=\"wp-block-list\">\n<li>Queen-size Bett 160&#215;200<\/li>\n\n\n\n<li>1 Sofabett (2 Personen) 160&#215;200<\/li>\n<\/ul>\n\n\n\n<p><span style=\"text-decoration: underline;\">Ausstattung :<\/span><\/p>\n\n\n\n<div class=\"wp-block-advgb-list\"><ul class=\"advgblist-02ad2f3d-ee21-4fe9-b023-bf9ad4f12286\">\n<li>Badezimmer mit Toilette und Dusche<\/li>\n\n\n\n<li>Bettw\u00e4sche und Badet\u00fccher<\/li>\n\n\n\n<li>Salon<\/li>\n\n\n\n<li>Tisch und 4 St\u00fchle<\/li>\n\n\n\n<li>K\u00fcche ausgestattet mit Herd, Mikrowelle, K\u00fchlschrank mit Gefrierfach<\/li>\n\n\n\n<li>Haarf\u00f6n<\/li>\n\n\n\n<li>Farbfernsehger\u00e4t (Smart TV)<\/li>\n\n\n\n<li>WIFI \/ LAN<\/li>\n\n\n\n<li>Rauchfrei<\/li>\n\n\n\n<li>Anti-allergener Bodenbelag<\/li>\n\n\n\n<li>Haustiere zugelassen<\/li>\n\n\n\n<li>Kostenlose Parkpl\u00e4tze<\/li>\n\n\n\n<li>Kostenloses Parken und Aufladen von Fahrr\u00e4dern<\/li>\n\n\n\n<li>Fr\u00fchst\u00fccksbuffet zwischen 8h und 10h<\/li>\n<\/ul><\/div>\n\n\n\n<p><span style=\"text-decoration: underline;\">Praktische Angaben :<\/span><\/p>\n\n\n\n<ul class=\"wp-block-list\">\n<li>Auschecken bis sp\u00e4testens 11 Uhr<\/li>\n\n\n\n<li>Einchecken von 14h bis 20h (f\u00fcr Ank\u00fcnfte nach 20h bitte melden)<\/li>\n<\/ul>\n\n\n\n<p><span style=\"text-decoration: underline;\">Preise und Verf\u00fcgbarkeiten :<\/span> siehe reservieren<\/p>\n\n\n\n<p><\/p>\n<style class=\"advgb-styles-renderer\">.wp-block-advgb-list ul.advgblist-02ad2f3d-ee21-4fe9-b023-bf9ad4f12286 > li{font-size:16px;}<\/style>","protected":false},"excerpt":{"rendered":"<p>Maximal 4 Personen Studio &#8220;Hofwohnung&#8221; Ger\u00e4umiges 40 m2 Studio mit 1 separatem Zimmer Ausstattung : Praktische Angaben : Preise und Verf\u00fcgbarkeiten : siehe reservieren<\/p>\n","protected":false},"author":1,"featured_media":0,"parent":0,"menu_order":0,"comment_status":"closed","ping_status":"closed","template":"","meta":{"_uag_custom_page_level_css":"","advgb_blocks_editor_width":"","advgb_blocks_columns_visual_guide":"","footnotes":""},"class_list":["post-954","page","type-page","status-publish","hentry"],"translation":{"provider":"WPGlobus","version":"3.0.2","language":"de","enabled_languages":["nl","fr","de"],"languages":{"nl":{"title":true,"content":true,"excerpt":false},"fr":{"title":true,"content":true,"excerpt":false},"de":{"title":true,"content":true,"excerpt":false}}},"uagb_featured_image_src":{"full":false,"thumbnail":false,"medium":false,"medium_large":false,"large":false,"1536x1536":false,"2048x2048":false,"backdrop-small-thumbnails":false,"backdrop-medium-thumbnails":false,"backdrop-large-thumbnails":false},"uagb_author_info":{"display_name":"pieter93","author_link":"https:\/\/ulenspiegel-sourbrodt.com\/de\/author\/pieter93\/"},"uagb_comment_info":0,"uagb_excerpt":"Maximal 4 Personen Studio &#8220;Hofwohnung&#8221; Ger\u00e4umiges 40 m2 Studio mit 1 separatem Zimmer Ausstattung : Praktische Angaben : Preise und Verf\u00fcgbarkeiten : siehe reservieren","coauthors":[],"author_meta":{"author_link":"https:\/\/ulenspiegel-sourbrodt.com\/de\/author\/pieter93\/","display_name":"pieter93"},"relative_dates":{"created":"Ver\u00f6ffentlicht 1 year vor","modified":"Aktualisiert 11 months vor"},"absolute_dates":{"created":"Ver\u00f6ffentlicht am 17 January 2025","modified":"Aktualisiert am 11 June 2025"},"absolute_dates_time":{"created":"Ver\u00f6ffentlicht am 17 January 2025 11:18","modified":"Aktualisiert am 11 June 2025 13:36"},"featured_img_caption":"","featured_img":false,"series_order":"","_links":{"self":[{"href":"https:\/\/ulenspiegel-sourbrodt.com\/de\/wp-json\/wp\/v2\/pages\/954","targetHints":{"allow":["GET"]}}],"collection":[{"href":"https:\/\/ulenspiegel-sourbrodt.com\/de\/wp-json\/wp\/v2\/pages"}],"about":[{"href":"https:\/\/ulenspiegel-sourbrodt.com\/de\/wp-json\/wp\/v2\/types\/page"}],"author":[{"embeddable":true,"href":"https:\/\/ulenspiegel-sourbrodt.com\/de\/wp-json\/wp\/v2\/users\/1"}],"replies":[{"embeddable":true,"href":"https:\/\/ulenspiegel-sourbrodt.com\/de\/wp-json\/wp\/v2\/comments?post=954"}],"version-history":[{"count":50,"href":"https:\/\/ulenspiegel-sourbrodt.com\/de\/wp-json\/wp\/v2\/pages\/954\/revisions"}],"predecessor-version":[{"id":2000,"href":"https:\/\/ulenspiegel-sourbrodt.com\/de\/wp-json\/wp\/v2\/pages\/954\/revisions\/2000"}],"wp:attachment":[{"href":"https:\/\/ulenspiegel-sourbrodt.com\/de\/wp-json\/wp\/v2\/media?parent=954"}],"curies":[{"name":"wp","href":"https:\/\/api.w.org\/{rel}","templated":true}]}}