{"id":992,"date":"2025-01-17T15:46:12","date_gmt":"2025-01-17T15:46:12","guid":{"rendered":"https:\/\/ulenspiegel-sourbrodt.com\/?page_id=992"},"modified":"2025-06-11T13:35:38","modified_gmt":"2025-06-11T13:35:38","slug":"wanderlust","status":"publish","type":"page","link":"https:\/\/ulenspiegel-sourbrodt.com\/de\/wanderlust\/","title":{"rendered":"Wanderlust"},"content":{"rendered":"\n<p>Maximal 2 Personen<\/p>\n\n\n\n<p><strong>Komfortzimmer &#8220;Wanderlust&#8221;<\/strong><\/p>\n\n\n<style type=\"text\/css\">\n#foogallery-gallery-998 .fg-image { width: 150px; }\n#foogallery-gallery-998 { --fg-gutter: 10px; }<\/style>\n\t\t\t<div class=\"foogallery foogallery-container foogallery-default foogallery-lightbox-foobox fg-center fg-default fg-ready fg-light fg-border-thin fg-shadow-outline fg-loading-default fg-loaded-fade-in fg-caption-hover fg-hover-fade fg-hover-zoom\" id=\"foogallery-gallery-998\" data-foogallery=\"{&quot;item&quot;:{&quot;showCaptionTitle&quot;:true,&quot;showCaptionDescription&quot;:true},&quot;lazy&quot;:true}\" style=\"--fg-title-line-clamp: 0; --fg-description-line-clamp: 0;\" >\n\t<div class=\"fg-item fg-type-image fg-idle\"><figure class=\"fg-item-inner\"><a href=\"https:\/\/ulenspiegel-sourbrodt.com\/wp-content\/uploads\/2025\/01\/20250412_184545-1.jpg\" data-caption-title=\"Wanderlust\" data-attachment-id=\"1590\" data-type=\"image\" class=\"fg-thumb\"><span class=\"fg-image-wrap\"><img decoding=\"async\" title=\"Wanderlust\" width=\"150\" height=\"112\" class=\"skip-lazy fg-image\" data-src-fg=\"https:\/\/ulenspiegel-sourbrodt.com\/wp-content\/uploads\/cache\/2025\/01\/20250412_184545-1\/1029491274.jpg\" src=\"data:image\/svg+xml,%3Csvg%20xmlns%3D%22http%3A%2F%2Fwww.w3.org%2F2000%2Fsvg%22%20width%3D%22150%22%20height%3D%22112%22%20viewBox%3D%220%200%20150%20112%22%3E%3C%2Fsvg%3E\" loading=\"eager\"><\/span><span class=\"fg-image-overlay\"><\/span><\/a><figcaption class=\"fg-caption\"><div class=\"fg-caption-inner\"><div class=\"fg-caption-title\">Wanderlust<\/div><\/div><\/figcaption><\/figure><div class=\"fg-loader\"><\/div><\/div><div class=\"fg-item fg-type-image fg-idle\"><figure class=\"fg-item-inner\"><a href=\"https:\/\/ulenspiegel-sourbrodt.com\/wp-content\/uploads\/2025\/01\/20250412_184836-2.jpg\" data-attachment-id=\"1591\" data-type=\"image\" class=\"fg-thumb\"><span class=\"fg-image-wrap\"><img decoding=\"async\" width=\"150\" height=\"112\" class=\"skip-lazy fg-image\" data-src-fg=\"https:\/\/ulenspiegel-sourbrodt.com\/wp-content\/uploads\/cache\/2025\/01\/20250412_184836-2\/2026996917.jpg\" src=\"data:image\/svg+xml,%3Csvg%20xmlns%3D%22http%3A%2F%2Fwww.w3.org%2F2000%2Fsvg%22%20width%3D%22150%22%20height%3D%22112%22%20viewBox%3D%220%200%20150%20112%22%3E%3C%2Fsvg%3E\" loading=\"eager\"><\/span><span class=\"fg-image-overlay\"><\/span><\/a><\/figure><div class=\"fg-loader\"><\/div><\/div><div class=\"fg-item fg-type-image fg-idle\"><figure class=\"fg-item-inner\"><a href=\"https:\/\/ulenspiegel-sourbrodt.com\/wp-content\/uploads\/2025\/01\/20250412_185108-1.jpg\" data-attachment-id=\"1592\" data-type=\"image\" class=\"fg-thumb\"><span class=\"fg-image-wrap\"><img decoding=\"async\" width=\"150\" height=\"112\" class=\"skip-lazy fg-image\" data-src-fg=\"https:\/\/ulenspiegel-sourbrodt.com\/wp-content\/uploads\/cache\/2025\/01\/20250412_185108-1\/1389959719.jpg\" src=\"data:image\/svg+xml,%3Csvg%20xmlns%3D%22http%3A%2F%2Fwww.w3.org%2F2000%2Fsvg%22%20width%3D%22150%22%20height%3D%22112%22%20viewBox%3D%220%200%20150%20112%22%3E%3C%2Fsvg%3E\" loading=\"eager\"><\/span><span class=\"fg-image-overlay\"><\/span><\/a><\/figure><div class=\"fg-loader\"><\/div><\/div><div class=\"fg-item fg-type-image fg-idle\"><figure class=\"fg-item-inner\"><a href=\"https:\/\/ulenspiegel-sourbrodt.com\/wp-content\/uploads\/2025\/01\/20250412_185125.jpg\" data-attachment-id=\"1593\" data-type=\"image\" class=\"fg-thumb\"><span class=\"fg-image-wrap\"><img decoding=\"async\" width=\"150\" height=\"112\" class=\"skip-lazy fg-image\" data-src-fg=\"https:\/\/ulenspiegel-sourbrodt.com\/wp-content\/uploads\/cache\/2025\/01\/20250412_185125\/347786401.jpg\" src=\"data:image\/svg+xml,%3Csvg%20xmlns%3D%22http%3A%2F%2Fwww.w3.org%2F2000%2Fsvg%22%20width%3D%22150%22%20height%3D%22112%22%20viewBox%3D%220%200%20150%20112%22%3E%3C%2Fsvg%3E\" loading=\"eager\"><\/span><span class=\"fg-image-overlay\"><\/span><\/a><\/figure><div class=\"fg-loader\"><\/div><\/div><div class=\"fg-item fg-type-image fg-idle\"><figure class=\"fg-item-inner\"><a href=\"https:\/\/ulenspiegel-sourbrodt.com\/wp-content\/uploads\/2025\/01\/20250105_123947-scaled.jpg\" data-attachment-id=\"2007\" data-type=\"image\" class=\"fg-thumb\"><span class=\"fg-image-wrap\"><img decoding=\"async\" width=\"150\" height=\"112\" class=\"skip-lazy fg-image\" data-src-fg=\"https:\/\/ulenspiegel-sourbrodt.com\/wp-content\/uploads\/cache\/2025\/01\/20250105_123947-scaled\/268588609.jpg\" src=\"data:image\/svg+xml,%3Csvg%20xmlns%3D%22http%3A%2F%2Fwww.w3.org%2F2000%2Fsvg%22%20width%3D%22150%22%20height%3D%22112%22%20viewBox%3D%220%200%20150%20112%22%3E%3C%2Fsvg%3E\" loading=\"eager\"><\/span><span class=\"fg-image-overlay\"><\/span><\/a><\/figure><div class=\"fg-loader\"><\/div><\/div><\/div>\n\n\n\n\n<p>Ger\u00e4umiges Comfortzimmer von 18 m<sup>2<\/sup><\/p>\n\n\n\n<ul class=\"wp-block-list\">\n<li>2 Einzelbetten von 90&#215;200 (oder Kingsize Bett von 180&#215;200)<\/li>\n<\/ul>\n\n\n\n<p><span style=\"text-decoration: underline;\">Ausstattung :<\/span><\/p>\n\n\n\n<div class=\"wp-block-advgb-list\"><ul class=\"advgblist-8ccd1a74-42c4-4150-b616-84c63034f19c\">\n<li>Badezimmer mit Toilette und Dusche<\/li>\n\n\n\n<li>Bettw\u00e4sche und Badet\u00fccher<\/li>\n\n\n\n<li>Haarf\u00f6n<\/li>\n\n\n\n<li>B\u00fcro<\/li>\n\n\n\n<li>Farbfernsehger\u00e4t (Smart TV)<\/li>\n\n\n\n<li>WIFI \/ LAN<\/li>\n\n\n\n<li>Rauchfrei<\/li>\n\n\n\n<li>Anti-allergener Bodenbelag<\/li>\n\n\n\n<li>Haustiere nicht zugelassen<\/li>\n\n\n\n<li>Kostenlose Parkpl\u00e4tze<\/li>\n\n\n\n<li>Kostenloses Parken und Aufladen von Fahrr\u00e4dern<\/li>\n\n\n\n<li>Fr\u00fchst\u00fccksbuffet zwischen 8h und 10h<\/li>\n<\/ul><\/div>\n\n\n\n<p><span style=\"text-decoration: underline;\">Praktische Angaben :<\/span><\/p>\n\n\n\n<ul class=\"wp-block-list\">\n<li>Auschecken bis sp\u00e4testens 11 Uhr<\/li>\n\n\n\n<li>Einchecken von 14h bis 20h (f\u00fcr Ank\u00fcnfte nach 20h bitte melden)<\/li>\n<\/ul>\n\n\n\n<p><span style=\"text-decoration: underline;\">Preise und Verf\u00fcgbarkeiten :<\/span> siehe reservieren<\/p>\n\n\n\n<p><\/p>\n<style class=\"advgb-styles-renderer\">.wp-block-advgb-list ul.advgblist-8ccd1a74-42c4-4150-b616-84c63034f19c > li{font-size:16px;}<\/style>","protected":false},"excerpt":{"rendered":"<p>Maximal 2 Personen Komfortzimmer &#8220;Wanderlust&#8221; Ger\u00e4umiges Comfortzimmer von 18 m2 Ausstattung : Praktische Angaben : Preise und Verf\u00fcgbarkeiten : siehe reservieren<\/p>\n","protected":false},"author":1,"featured_media":0,"parent":0,"menu_order":0,"comment_status":"closed","ping_status":"closed","template":"","meta":{"_uag_custom_page_level_css":"","advgb_blocks_editor_width":"","advgb_blocks_columns_visual_guide":"","footnotes":""},"class_list":["post-992","page","type-page","status-publish","hentry"],"translation":{"provider":"WPGlobus","version":"3.0.2","language":"de","enabled_languages":["nl","fr","de"],"languages":{"nl":{"title":true,"content":true,"excerpt":false},"fr":{"title":true,"content":true,"excerpt":false},"de":{"title":true,"content":true,"excerpt":false}}},"uagb_featured_image_src":{"full":false,"thumbnail":false,"medium":false,"medium_large":false,"large":false,"1536x1536":false,"2048x2048":false,"backdrop-small-thumbnails":false,"backdrop-medium-thumbnails":false,"backdrop-large-thumbnails":false},"uagb_author_info":{"display_name":"pieter93","author_link":"https:\/\/ulenspiegel-sourbrodt.com\/de\/author\/pieter93\/"},"uagb_comment_info":0,"uagb_excerpt":"Maximal 2 Personen Komfortzimmer &#8220;Wanderlust&#8221; Ger\u00e4umiges Comfortzimmer von 18 m2 Ausstattung : Praktische Angaben : Preise und Verf\u00fcgbarkeiten : siehe reservieren","coauthors":[],"author_meta":{"author_link":"https:\/\/ulenspiegel-sourbrodt.com\/de\/author\/pieter93\/","display_name":"pieter93"},"relative_dates":{"created":"Ver\u00f6ffentlicht 1 year vor","modified":"Aktualisiert 10 months vor"},"absolute_dates":{"created":"Ver\u00f6ffentlicht am 17 January 2025","modified":"Aktualisiert am 11 June 2025"},"absolute_dates_time":{"created":"Ver\u00f6ffentlicht am 17 January 2025 15:46","modified":"Aktualisiert am 11 June 2025 13:35"},"featured_img_caption":"","featured_img":false,"series_order":"","_links":{"self":[{"href":"https:\/\/ulenspiegel-sourbrodt.com\/de\/wp-json\/wp\/v2\/pages\/992","targetHints":{"allow":["GET"]}}],"collection":[{"href":"https:\/\/ulenspiegel-sourbrodt.com\/de\/wp-json\/wp\/v2\/pages"}],"about":[{"href":"https:\/\/ulenspiegel-sourbrodt.com\/de\/wp-json\/wp\/v2\/types\/page"}],"author":[{"embeddable":true,"href":"https:\/\/ulenspiegel-sourbrodt.com\/de\/wp-json\/wp\/v2\/users\/1"}],"replies":[{"embeddable":true,"href":"https:\/\/ulenspiegel-sourbrodt.com\/de\/wp-json\/wp\/v2\/comments?post=992"}],"version-history":[{"count":32,"href":"https:\/\/ulenspiegel-sourbrodt.com\/de\/wp-json\/wp\/v2\/pages\/992\/revisions"}],"predecessor-version":[{"id":1999,"href":"https:\/\/ulenspiegel-sourbrodt.com\/de\/wp-json\/wp\/v2\/pages\/992\/revisions\/1999"}],"wp:attachment":[{"href":"https:\/\/ulenspiegel-sourbrodt.com\/de\/wp-json\/wp\/v2\/media?parent=992"}],"curies":[{"name":"wp","href":"https:\/\/api.w.org\/{rel}","templated":true}]}}