{"id":100,"date":"2024-09-25T10:16:19","date_gmt":"2024-09-25T10:16:19","guid":{"rendered":"https:\/\/ulenspiegel-sourbrodt.com\/?page_id=100"},"modified":"2025-05-26T07:24:54","modified_gmt":"2025-05-26T07:24:54","slug":"our-rooms","status":"publish","type":"page","link":"https:\/\/ulenspiegel-sourbrodt.com\/fr\/our-rooms\/","title":{"rendered":"Nos chambres"},"content":{"rendered":"<style type=\"text\/css\">\n#foogallery-gallery-1205 .fg-image { width: 150px; }\n#foogallery-gallery-1205 { --fg-gutter: 10px; }<\/style>\n\t\t\t<div class=\"foogallery foogallery-container foogallery-default foogallery-lightbox-foobox fg-center fg-default fg-ready fg-light fg-border-thin fg-shadow-outline fg-loading-default fg-loaded-fade-in fg-caption-hover fg-hover-fade fg-hover-zoom\" id=\"foogallery-gallery-1205\" data-foogallery=\"{&quot;item&quot;:{&quot;showCaptionTitle&quot;:true,&quot;showCaptionDescription&quot;:true},&quot;lazy&quot;:true}\" style=\"--fg-title-line-clamp: 0; --fg-description-line-clamp: 0;\" >\n\t<div class=\"fg-item fg-type-image fg-idle\"><figure class=\"fg-item-inner\"><a href=\"https:\/\/ulenspiegel-sourbrodt.com\/wp-content\/uploads\/2024\/11\/20250412_115939-4.jpg\" data-caption-title=\"Wouw\" data-attachment-id=\"1562\" data-type=\"image\" class=\"fg-thumb\"><span class=\"fg-image-wrap\"><img decoding=\"async\" title=\"Wouw\" width=\"150\" height=\"112\" class=\"skip-lazy fg-image\" data-src-fg=\"https:\/\/ulenspiegel-sourbrodt.com\/wp-content\/uploads\/cache\/2024\/11\/20250412_115939-4\/2373643621.jpg\" src=\"data:image\/svg+xml,%3Csvg%20xmlns%3D%22http%3A%2F%2Fwww.w3.org%2F2000%2Fsvg%22%20width%3D%22150%22%20height%3D%22112%22%20viewBox%3D%220%200%20150%20112%22%3E%3C%2Fsvg%3E\" loading=\"eager\"><\/span><span class=\"fg-image-overlay\"><\/span><\/a><figcaption class=\"fg-caption\"><div class=\"fg-caption-inner\"><div class=\"fg-caption-title\">Wouw<\/div><\/div><\/figcaption><\/figure><div class=\"fg-loader\"><\/div><\/div><div class=\"fg-item fg-type-image fg-idle\"><figure class=\"fg-item-inner\"><a href=\"https:\/\/ulenspiegel-sourbrodt.com\/wp-content\/uploads\/2025\/01\/20250414_090827-2.jpg\" data-caption-title=\"Zonnegroet\" data-attachment-id=\"1570\" data-type=\"image\" class=\"fg-thumb\"><span class=\"fg-image-wrap\"><img decoding=\"async\" title=\"Zonnegroet\" width=\"150\" height=\"112\" class=\"skip-lazy fg-image\" data-src-fg=\"https:\/\/ulenspiegel-sourbrodt.com\/wp-content\/uploads\/cache\/2025\/01\/20250414_090827-2\/3236817515.jpg\" src=\"data:image\/svg+xml,%3Csvg%20xmlns%3D%22http%3A%2F%2Fwww.w3.org%2F2000%2Fsvg%22%20width%3D%22150%22%20height%3D%22112%22%20viewBox%3D%220%200%20150%20112%22%3E%3C%2Fsvg%3E\" loading=\"eager\"><\/span><span class=\"fg-image-overlay\"><\/span><\/a><figcaption class=\"fg-caption\"><div class=\"fg-caption-inner\"><div class=\"fg-caption-title\">Zonnegroet<\/div><\/div><\/figcaption><\/figure><div class=\"fg-loader\"><\/div><\/div><div class=\"fg-item fg-type-image fg-idle\"><figure class=\"fg-item-inner\"><a href=\"https:\/\/ulenspiegel-sourbrodt.com\/wp-content\/uploads\/2025\/01\/20250414_091532-2.jpg\" data-caption-title=\"Roer\" data-attachment-id=\"1578\" data-type=\"image\" class=\"fg-thumb\"><span class=\"fg-image-wrap\"><img decoding=\"async\" title=\"Roer\" width=\"150\" height=\"112\" class=\"skip-lazy fg-image\" data-src-fg=\"https:\/\/ulenspiegel-sourbrodt.com\/wp-content\/uploads\/cache\/2025\/01\/20250414_091532-2\/1354873587.jpg\" src=\"data:image\/svg+xml,%3Csvg%20xmlns%3D%22http%3A%2F%2Fwww.w3.org%2F2000%2Fsvg%22%20width%3D%22150%22%20height%3D%22112%22%20viewBox%3D%220%200%20150%20112%22%3E%3C%2Fsvg%3E\" loading=\"eager\"><\/span><span class=\"fg-image-overlay\"><\/span><\/a><figcaption class=\"fg-caption\"><div class=\"fg-caption-inner\"><div class=\"fg-caption-title\">Roer<\/div><\/div><\/figcaption><\/figure><div class=\"fg-loader\"><\/div><\/div><div class=\"fg-item fg-type-image fg-idle\"><figure class=\"fg-item-inner\"><a href=\"https:\/\/ulenspiegel-sourbrodt.com\/wp-content\/uploads\/2025\/01\/20250412_110609-2.jpg\" data-caption-title=\"Soeur Sourire\" data-attachment-id=\"1588\" data-type=\"image\" class=\"fg-thumb\"><span class=\"fg-image-wrap\"><img decoding=\"async\" title=\"Soeur Sourire\" width=\"150\" height=\"112\" class=\"skip-lazy fg-image\" data-src-fg=\"https:\/\/ulenspiegel-sourbrodt.com\/wp-content\/uploads\/cache\/2025\/01\/20250412_110609-2\/245070892.jpg\" src=\"data:image\/svg+xml,%3Csvg%20xmlns%3D%22http%3A%2F%2Fwww.w3.org%2F2000%2Fsvg%22%20width%3D%22150%22%20height%3D%22112%22%20viewBox%3D%220%200%20150%20112%22%3E%3C%2Fsvg%3E\" loading=\"eager\"><\/span><span class=\"fg-image-overlay\"><\/span><\/a><figcaption class=\"fg-caption\"><div class=\"fg-caption-inner\"><div class=\"fg-caption-title\">Soeur Sourire<\/div><\/div><\/figcaption><\/figure><div class=\"fg-loader\"><\/div><\/div><div class=\"fg-item fg-type-image fg-idle\"><figure class=\"fg-item-inner\"><a href=\"https:\/\/ulenspiegel-sourbrodt.com\/wp-content\/uploads\/2025\/01\/20250412_184545-1.jpg\" data-caption-title=\"Wanderlust\" data-attachment-id=\"1590\" data-type=\"image\" class=\"fg-thumb\"><span class=\"fg-image-wrap\"><img decoding=\"async\" title=\"Wanderlust\" width=\"150\" height=\"112\" class=\"skip-lazy fg-image\" data-src-fg=\"https:\/\/ulenspiegel-sourbrodt.com\/wp-content\/uploads\/cache\/2025\/01\/20250412_184545-1\/2471688202.jpg\" src=\"data:image\/svg+xml,%3Csvg%20xmlns%3D%22http%3A%2F%2Fwww.w3.org%2F2000%2Fsvg%22%20width%3D%22150%22%20height%3D%22112%22%20viewBox%3D%220%200%20150%20112%22%3E%3C%2Fsvg%3E\" loading=\"eager\"><\/span><span class=\"fg-image-overlay\"><\/span><\/a><figcaption class=\"fg-caption\"><div class=\"fg-caption-inner\"><div class=\"fg-caption-title\">Wanderlust<\/div><\/div><\/figcaption><\/figure><div class=\"fg-loader\"><\/div><\/div><div class=\"fg-item fg-type-image fg-idle\"><figure class=\"fg-item-inner\"><a href=\"https:\/\/ulenspiegel-sourbrodt.com\/wp-content\/uploads\/2025\/03\/20250414_094242-1.jpg\" data-caption-title=\"Hofwohnung\" data-attachment-id=\"1595\" data-type=\"image\" class=\"fg-thumb\"><span class=\"fg-image-wrap\"><img decoding=\"async\" title=\"Hofwohnung\" width=\"150\" height=\"112\" class=\"skip-lazy fg-image\" data-src-fg=\"https:\/\/ulenspiegel-sourbrodt.com\/wp-content\/uploads\/cache\/2025\/03\/20250414_094242-1\/3135353064.jpg\" src=\"data:image\/svg+xml,%3Csvg%20xmlns%3D%22http%3A%2F%2Fwww.w3.org%2F2000%2Fsvg%22%20width%3D%22150%22%20height%3D%22112%22%20viewBox%3D%220%200%20150%20112%22%3E%3C%2Fsvg%3E\" loading=\"eager\"><\/span><span class=\"fg-image-overlay\"><\/span><\/a><figcaption class=\"fg-caption\"><div class=\"fg-caption-inner\"><div class=\"fg-caption-title\">Hofwohnung<\/div><\/div><\/figcaption><\/figure><div class=\"fg-loader\"><\/div><\/div><\/div>\n\n\n\n\n\n\n\n<\/div>\n\n<p style=\"text-align: center; font-size: 18px;\">L&#8217;h\u00f4tel dispose de 6 chambres, dont 2 chambres familiales et 1 studio.<\/p>\n\n<div class=\"hotel-rooms\">\n    <h2>Chambres familiales<\/h2>\n    <div class=\"room\">\n        <a href=\"https:\/\/ulenspiegel-sourbrodt.com\/fr\/wouw\/\">Wouw<\/a>\n    <\/div>\n    <div class=\"room\">\n        <a href=\"https:\/\/ulenspiegel-sourbrodt.com\/fr\/zonnegroet\/\">Zonnegroet<\/a>\n    <\/div>\n    \n    <h2>Chambres confort<\/h2>\n    <div class=\"room\">\n        <a href=\"https:\/\/ulenspiegel-sourbrodt.com\/fr\/roer\/\">Roer<\/a>\n    <\/div>\n    <div class=\"room\">\n        <a href=\"https:\/\/ulenspiegel-sourbrodt.com\/fr\/Soeursourire\/\">Soeur Sourire<\/a>\n    <\/div>\n    <div class=\"room\">\n        <a href=\"https:\/\/ulenspiegel-sourbrodt.com\/fr\/Wanderlust\/\">Wanderlust<\/a>\n    <\/div>\n    \n    <h2>Studio<\/h2>\n    <div class=\"room\">\n        <a href=\"https:\/\/ulenspiegel-sourbrodt.com\/fr\/hofwohnung\/\">Hofwohnung<\/a>\n    <\/div>\n<\/div>\n<style class=\"advgb-styles-renderer\">\n    .hotel-gallery {\n        text-align: center;\n        margin-bottom: 20px;\n    }\n    .hotel-rooms {\n        max-width: 800px;\n        margin: 0 auto;\n    }\n    .hotel-rooms h2 {\n        background-color: #A67B5B;\n        color: white;\n        padding: 10px;\n        border-radius: 5px;\n        text-align: center;\n        margin-top: 20px;\n    }\n    .room {\n        text-align: center;\n        margin: 10px 0;\n        padding: 10px;\n        border: 1px solid #ddd;\n        border-radius: 5px;\n        transition: 0.3s;\n    }\n    .room:hover {\n        background-color: #f5f5f5;\n    }\n    .room a {\n        text-decoration: none;\n        color: #000000;\n        font-weight: bold;\n        font-size: 18px;\n<style>\n    .hotel-gallery {\n        text-align: center;\n        margin-bottom: 20px;\n    }\n    .hotel-rooms {\n        max-width: 800px;\n        margin: 0 auto;\n    }\n    .hotel-rooms h2 {\n        background-color: #A67B5B;\n        color: white;\n        padding: 10px;\n        border-radius: 5px;\n        text-align: center;\n        margin-top: 20px;\n    }\n    .room {\n        text-align: center;\n        margin: 10px 0;\n        padding: 10px;\n        border: 1px solid #ddd;\n        border-radius: 5px;\n        transition: 0.3s;\n    }\n    .room:hover {\n        background-color: #f5f5f5;\n    }\n    .room a {\n        text-decoration: none;\n        color: #000000;\n        font-weight: bold;\n        font-size: 18px;\n<style>\n    .hotel-gallery {\n        text-align: center;\n        margin-bottom: 20px;\n    }\n    .hotel-rooms {\n        max-width: 800px;\n        margin: 0 auto;\n    }\n    .hotel-rooms h2 {\n        background-color: #004080;\n        color: white;\n        padding: 10px;\n        border-radius: 5px;\n        text-align: center;\n        margin-top: 20px;\n    }\n    .room {\n        text-align: center;\n        margin: 10px 0;\n        padding: 10px;\n        border: 1px solid #ddd;\n        border-radius: 5px;\n        transition: 0.3s;\n    }\n    .room:hover {\n        background-color: #f5f5f5;\n    }\n    .room a {\n        text-decoration: none;\n        color: #004080;\n        font-weight: bold;\n        font-size: 18px;\n    }\n<\/style>","protected":false},"excerpt":{"rendered":"<p>L&#8217;h\u00f4tel dispose de 6 chambres, dont 2 chambres familiales et 1 studio. Chambres familiales Wouw Zonnegroet Chambres confort Roer Soeur Sourire Wanderlust Studio Hofwohnung<\/p>\n","protected":false},"author":1,"featured_media":0,"parent":0,"menu_order":0,"comment_status":"closed","ping_status":"closed","template":"","meta":{"_uag_custom_page_level_css":"","advgb_blocks_editor_width":"","advgb_blocks_columns_visual_guide":"","footnotes":""},"class_list":["post-100","page","type-page","status-publish","hentry"],"translation":{"provider":"WPGlobus","version":"3.0.2","language":"fr","enabled_languages":["nl","fr","de"],"languages":{"nl":{"title":true,"content":true,"excerpt":false},"fr":{"title":true,"content":true,"excerpt":false},"de":{"title":true,"content":true,"excerpt":false}}},"uagb_featured_image_src":{"full":false,"thumbnail":false,"medium":false,"medium_large":false,"large":false,"1536x1536":false,"2048x2048":false,"backdrop-small-thumbnails":false,"backdrop-medium-thumbnails":false,"backdrop-large-thumbnails":false},"uagb_author_info":{"display_name":"pieter93","author_link":"https:\/\/ulenspiegel-sourbrodt.com\/fr\/author\/pieter93\/"},"uagb_comment_info":0,"uagb_excerpt":"L&#8217;h\u00f4tel dispose de 6 chambres, dont 2 chambres familiales et 1 studio. Chambres familiales Wouw Zonnegroet Chambres confort Roer Soeur Sourire Wanderlust Studio Hofwohnung","coauthors":[],"author_meta":{"author_link":"https:\/\/ulenspiegel-sourbrodt.com\/fr\/author\/pieter93\/","display_name":"pieter93"},"relative_dates":{"created":"Publi\u00e9 2 years il y a","modified":"Mis \u00e0 jour 11 months il y a"},"absolute_dates":{"created":"Publi\u00e9 le 25 September 2024","modified":"Mise \u00e0 jour le 26 May 2025"},"absolute_dates_time":{"created":"Publi\u00e9 le 25 September 2024 10:16","modified":"Mise \u00e0 jour le 26 May 2025 07:24"},"featured_img_caption":"","featured_img":false,"series_order":"","_links":{"self":[{"href":"https:\/\/ulenspiegel-sourbrodt.com\/fr\/wp-json\/wp\/v2\/pages\/100","targetHints":{"allow":["GET"]}}],"collection":[{"href":"https:\/\/ulenspiegel-sourbrodt.com\/fr\/wp-json\/wp\/v2\/pages"}],"about":[{"href":"https:\/\/ulenspiegel-sourbrodt.com\/fr\/wp-json\/wp\/v2\/types\/page"}],"author":[{"embeddable":true,"href":"https:\/\/ulenspiegel-sourbrodt.com\/fr\/wp-json\/wp\/v2\/users\/1"}],"replies":[{"embeddable":true,"href":"https:\/\/ulenspiegel-sourbrodt.com\/fr\/wp-json\/wp\/v2\/comments?post=100"}],"version-history":[{"count":88,"href":"https:\/\/ulenspiegel-sourbrodt.com\/fr\/wp-json\/wp\/v2\/pages\/100\/revisions"}],"predecessor-version":[{"id":1915,"href":"https:\/\/ulenspiegel-sourbrodt.com\/fr\/wp-json\/wp\/v2\/pages\/100\/revisions\/1915"}],"wp:attachment":[{"href":"https:\/\/ulenspiegel-sourbrodt.com\/fr\/wp-json\/wp\/v2\/media?parent=100"}],"curies":[{"name":"wp","href":"https:\/\/api.w.org\/{rel}","templated":true}]}}