{"id":272,"date":"2024-10-10T14:12:26","date_gmt":"2024-10-10T14:12:26","guid":{"rendered":"https:\/\/ulenspiegel-sourbrodt.com\/?page_id=272"},"modified":"2025-05-26T07:39:40","modified_gmt":"2025-05-26T07:39:40","slug":"contact-us","status":"publish","type":"page","link":"https:\/\/ulenspiegel-sourbrodt.com\/fr\/contact-us\/","title":{"rendered":"Contact"},"content":{"rendered":"\n<p>N\u2019h\u00e9sitez pas \u00e0 nous contacter via les coordonn\u00e9es ci-dessous, ou en envoyant un message via le formulaire :<\/p>\n\n\n\n<p>Hotel Ulenspiegel<br>Rue de la Station 46<br>B-4950 Sourbrodt<br><a href=\"mailto:Info@ulenspiegel-sourbrodt.com\" style=\"color:#0000FF;\" target=\"_blank\" rel=\"noreferrer noopener\">info@ulenspiegel-sourbrodt.com<\/a><br>T\u00e9l: +32 497 65 50 12<br><sub>TVA: BE 0769 840 597<\/sub><\/p>\n\n\n\n<div style=\"height:10px\" aria-hidden=\"true\" class=\"wp-block-spacer\"><\/div>\n\n\n\n<p><strong>Formulaire de contact :<\/strong><\/p>\n\n\n<div class=\"wpforms-container wpforms-container-full wpforms-block wpforms-block-415591e7-1e53-4a3c-b68b-1bf4fb55fec3 wpforms-render-modern\" id=\"wpforms-1171\"><form id=\"wpforms-form-1171\" class=\"wpforms-validate wpforms-form wpforms-ajax-form\" data-formid=\"1171\" method=\"post\" enctype=\"multipart\/form-data\" action=\"\/fr\/wp-json\/wp\/v2\/pages\/272\" data-token=\"474866e4eef85556c3165e61488d2809\" data-token-time=\"1775289502\"><noscript class=\"wpforms-error-noscript\">Please enable JavaScript in your browser to complete this form.<\/noscript><div id=\"wpforms-error-noscript\" style=\"display: none;\">Please enable JavaScript in your browser to complete this form.<\/div><div class=\"wpforms-field-container\"><div id=\"wpforms-1171-field_1-container\" class=\"wpforms-field wpforms-field-name\" data-field-id=\"1\"><label class=\"wpforms-field-label\" for=\"wpforms-1171-field_1\">Naam\/Nom\/Name <span class=\"wpforms-required-label\" aria-hidden=\"true\">*<\/span><\/label><input type=\"text\" id=\"wpforms-1171-field_1\" class=\"wpforms-field-medium wpforms-field-required\" name=\"wpforms[fields][1]\" aria-errormessage=\"wpforms-1171-field_1-error\" required><\/div>\t\t<div id=\"wpforms-1171-field_4-container\"\n\t\t\tclass=\"wpforms-field wpforms-field-text\"\n\t\t\tdata-field-type=\"text\"\n\t\t\tdata-field-id=\"4\"\n\t\t\t>\n\t\t\t<label class=\"wpforms-field-label\" for=\"wpforms-1171-field_4\" >\/ oder Nachricht<\/label>\n\t\t\t<input type=\"text\" id=\"wpforms-1171-field_4\" class=\"wpforms-field-medium\" name=\"wpforms[fields][4]\" >\n\t\t<\/div>\n\t\t<div id=\"wpforms-1171-field_2-container\" class=\"wpforms-field wpforms-field-email\" data-field-id=\"2\"><label class=\"wpforms-field-label\" for=\"wpforms-1171-field_2\">E-mail <span class=\"wpforms-required-label\" aria-hidden=\"true\">*<\/span><\/label><input type=\"email\" id=\"wpforms-1171-field_2\" class=\"wpforms-field-medium wpforms-field-required\" name=\"wpforms[fields][2]\" spellcheck=\"false\" aria-errormessage=\"wpforms-1171-field_2-error\" required><\/div><div id=\"wpforms-1171-field_3-container\" class=\"wpforms-field wpforms-field-textarea\" data-field-id=\"3\"><label class=\"wpforms-field-label\" for=\"wpforms-1171-field_3\">Reactie of bericht \/ R\u00e9action ou message \/ Reaktion oder Nachricht<\/label><textarea id=\"wpforms-1171-field_3\" class=\"wpforms-field-medium\" name=\"wpforms[fields][3]\" aria-errormessage=\"wpforms-1171-field_3-error\" ><\/textarea><\/div><script>\n\t\t\t\t( function() {\n\t\t\t\t\tconst style = document.createElement( 'style' );\n\t\t\t\t\tstyle.appendChild( document.createTextNode( '#wpforms-1171-field_4-container { position: absolute !important; overflow: hidden !important; display: inline !important; height: 1px !important; width: 1px !important; z-index: -1000 !important; padding: 0 !important; } #wpforms-1171-field_4-container input { visibility: hidden; } #wpforms-conversational-form-page #wpforms-1171-field_4-container label { counter-increment: none; }' ) );\n\t\t\t\t\tdocument.head.appendChild( style );\n\t\t\t\t\tdocument.currentScript?.remove();\n\t\t\t\t} )();\n\t\t\t<\/script><\/div><!-- .wpforms-field-container --><div class=\"wpforms-submit-container\" ><input type=\"hidden\" name=\"wpforms[id]\" value=\"1171\"><input type=\"hidden\" name=\"page_title\" value=\"\"><input type=\"hidden\" name=\"page_url\" value=\"https:\/\/ulenspiegel-sourbrodt.com\/fr\/wp-json\/wp\/v2\/pages\/272\"><input type=\"hidden\" name=\"url_referer\" value=\"\"><button type=\"submit\" name=\"wpforms[submit]\" id=\"wpforms-submit-1171\" class=\"wpforms-submit\" data-alt-text=\"Verzenden \/ Envoi \/ Versenden ... \" data-submit-text=\"Verzend \/ Envoi \/ Versand\" aria-live=\"assertive\" value=\"wpforms-submit\">Verzend \/ Envoi \/ Versand<\/button><img loading=\"lazy\" decoding=\"async\" src=\"https:\/\/ulenspiegel-sourbrodt.com\/wp-content\/plugins\/wpforms-lite\/assets\/images\/submit-spin.svg\" class=\"wpforms-submit-spinner\" style=\"display: none;\" width=\"26\" height=\"26\" alt=\"Loading\"><\/div><\/form><\/div>  <!-- .wpforms-container -->\n\n\t\t\t<div \n\t\t\tclass=\"wp-block-uagb-google-map uagb-google-map__wrap uagb-block-6cb24100     \"\n\t\t\tstyle=\"\" >\n\t\t\t\t<embed\n\t\t\t\t\tclass=\"uagb-google-map__iframe\"\n\t\t\t\t\ttitle=\"Google Map for \"\n\t\t\t\t\tsrc=\"https:\/\/maps.google.com\/maps?q=sourbrodt%20rue%20de%20la%20station%2046&#038;z=16&#038;hl=en&#038;t=k&#038;output=embed&#038;iwloc=near\"\n\t\t\t\t\twidth=\"640\"\n\t\t\t\t\theight=\"407\"\n\t\t\t\t\tloading=\"lazy\"\n\t\t\t\t><\/embed>\n\t\t\t<\/div>\n\t\t\t\n\n\n<ul class=\"wp-block-social-links is-layout-flex wp-block-social-links-is-layout-flex\"><li class=\"wp-social-link wp-social-link-facebook  wp-block-social-link\"><a href=\"https:\/\/www.facebook.com\/ulenspiegel.sourbrodt\" class=\"wp-block-social-link-anchor\"><svg width=\"24\" height=\"24\" viewBox=\"0 0 24 24\" version=\"1.1\" xmlns=\"http:\/\/www.w3.org\/2000\/svg\" aria-hidden=\"true\" focusable=\"false\"><path d=\"M12 2C6.5 2 2 6.5 2 12c0 5 3.7 9.1 8.4 9.9v-7H7.9V12h2.5V9.8c0-2.5 1.5-3.9 3.8-3.9 1.1 0 2.2.2 2.2.2v2.5h-1.3c-1.2 0-1.6.8-1.6 1.6V12h2.8l-.4 2.9h-2.3v7C18.3 21.1 22 17 22 12c0-5.5-4.5-10-10-10z\"><\/path><\/svg><span class=\"wp-block-social-link-label screen-reader-text\">Facebook<\/span><\/a><\/li><\/ul>\n\n\n\n<div data-wp-interactive=\"core\/file\" id=\"privacy\" class=\"wp-block-file\"><object data-wp-bind--hidden=\"!state.hasPdfPreview\" hidden class=\"wp-block-file__embed\" data=\"https:\/\/ulenspiegel-sourbrodt.com\/wp-content\/uploads\/2025\/01\/privacy.pdf\" type=\"application\/pdf\" style=\"width:100%;height:600px\" aria-label=\"Embed of privacy.\"><\/object><a id=\"wp-block-file--media-1b37e51a-3b7e-4cdf-9e46-7d38a92a40e5\" href=\"https:\/\/ulenspiegel-sourbrodt.com\/wp-content\/uploads\/2025\/01\/privacy.pdf\" target=\"_blank\" rel=\"noreferrer noopener\">privacy<\/a><a href=\"https:\/\/ulenspiegel-sourbrodt.com\/wp-content\/uploads\/2025\/01\/privacy.pdf\" class=\"wp-block-file__button wp-element-button\" download aria-describedby=\"wp-block-file--media-1b37e51a-3b7e-4cdf-9e46-7d38a92a40e5\">Download<\/a><\/div>\n\n\n\n<p><\/p>\n","protected":false},"excerpt":{"rendered":"<p>N\u2019h\u00e9sitez pas \u00e0 nous contacter via les coordonn\u00e9es ci-dessous, ou en envoyant un message via le formulaire : Hotel UlenspiegelRue de la Station 46B-4950 Sourbrodtinfo@ulenspiegel-sourbrodt.comT\u00e9l: +32 497 65 50 12TVA: BE 0769 840 597 Formulaire de contact :<\/p>\n","protected":false},"author":1,"featured_media":0,"parent":0,"menu_order":0,"comment_status":"closed","ping_status":"closed","template":"","meta":{"_uag_custom_page_level_css":"","advgb_blocks_editor_width":"","advgb_blocks_columns_visual_guide":"","footnotes":""},"class_list":["post-272","page","type-page","status-publish","hentry"],"translation":{"provider":"WPGlobus","version":"3.0.2","language":"fr","enabled_languages":["nl","fr","de"],"languages":{"nl":{"title":true,"content":true,"excerpt":false},"fr":{"title":true,"content":true,"excerpt":false},"de":{"title":true,"content":true,"excerpt":false}}},"uagb_featured_image_src":{"full":false,"thumbnail":false,"medium":false,"medium_large":false,"large":false,"1536x1536":false,"2048x2048":false,"backdrop-small-thumbnails":false,"backdrop-medium-thumbnails":false,"backdrop-large-thumbnails":false},"uagb_author_info":{"display_name":"pieter93","author_link":"https:\/\/ulenspiegel-sourbrodt.com\/fr\/author\/pieter93\/"},"uagb_comment_info":0,"uagb_excerpt":"N\u2019h\u00e9sitez pas \u00e0 nous contacter via les coordonn\u00e9es ci-dessous, ou en envoyant un message via le formulaire : Hotel UlenspiegelRue de la Station 46B-4950 Sourbrodtinfo@ulenspiegel-sourbrodt.comT\u00e9l: +32 497 65 50 12TVA: BE 0769 840 597 Formulaire de contact :","coauthors":[],"author_meta":{"author_link":"https:\/\/ulenspiegel-sourbrodt.com\/fr\/author\/pieter93\/","display_name":"pieter93"},"relative_dates":{"created":"Publi\u00e9 1 year il y a","modified":"Mis \u00e0 jour 10 months il y a"},"absolute_dates":{"created":"Publi\u00e9 le 10 October 2024","modified":"Mise \u00e0 jour le 26 May 2025"},"absolute_dates_time":{"created":"Publi\u00e9 le 10 October 2024 14:12","modified":"Mise \u00e0 jour le 26 May 2025 07:39"},"featured_img_caption":"","featured_img":false,"series_order":"","_links":{"self":[{"href":"https:\/\/ulenspiegel-sourbrodt.com\/fr\/wp-json\/wp\/v2\/pages\/272","targetHints":{"allow":["GET"]}}],"collection":[{"href":"https:\/\/ulenspiegel-sourbrodt.com\/fr\/wp-json\/wp\/v2\/pages"}],"about":[{"href":"https:\/\/ulenspiegel-sourbrodt.com\/fr\/wp-json\/wp\/v2\/types\/page"}],"author":[{"embeddable":true,"href":"https:\/\/ulenspiegel-sourbrodt.com\/fr\/wp-json\/wp\/v2\/users\/1"}],"replies":[{"embeddable":true,"href":"https:\/\/ulenspiegel-sourbrodt.com\/fr\/wp-json\/wp\/v2\/comments?post=272"}],"version-history":[{"count":57,"href":"https:\/\/ulenspiegel-sourbrodt.com\/fr\/wp-json\/wp\/v2\/pages\/272\/revisions"}],"predecessor-version":[{"id":1975,"href":"https:\/\/ulenspiegel-sourbrodt.com\/fr\/wp-json\/wp\/v2\/pages\/272\/revisions\/1975"}],"wp:attachment":[{"href":"https:\/\/ulenspiegel-sourbrodt.com\/fr\/wp-json\/wp\/v2\/media?parent=272"}],"curies":[{"name":"wp","href":"https:\/\/api.w.org\/{rel}","templated":true}]}}