{"id":950,"date":"2025-01-17T11:17:46","date_gmt":"2025-01-17T11:17:46","guid":{"rendered":"https:\/\/ulenspiegel-sourbrodt.com\/?page_id=950"},"modified":"2025-06-11T13:34:05","modified_gmt":"2025-06-11T13:34:05","slug":"zonnegroet","status":"publish","type":"page","link":"https:\/\/ulenspiegel-sourbrodt.com\/fr\/zonnegroet\/","title":{"rendered":"Zonnegroet"},"content":{"rendered":"\n<p>Max 4 personnes<\/p>\n\n\n\n<p><strong>Chambre familiale &#8220;Zonnegroet&#8221;<\/strong><\/p>\n\n\n<style type=\"text\/css\">\n#foogallery-gallery-1013 .fg-image { width: 150px; }\n#foogallery-gallery-1013 { --fg-gutter: 10px; }<\/style>\n\t\t\t<div class=\"foogallery foogallery-container foogallery-default foogallery-lightbox-foobox fg-center fg-default fg-ready fg-light fg-border-thin fg-shadow-outline fg-loading-default fg-loaded-fade-in fg-caption-hover fg-hover-fade fg-hover-zoom\" id=\"foogallery-gallery-1013\" data-foogallery=\"{&quot;item&quot;:{&quot;showCaptionTitle&quot;:true,&quot;showCaptionDescription&quot;:true},&quot;lazy&quot;:true}\" style=\"--fg-title-line-clamp: 0; --fg-description-line-clamp: 0;\" >\n\t<div class=\"fg-item fg-type-image fg-idle\"><figure class=\"fg-item-inner\"><a href=\"https:\/\/ulenspiegel-sourbrodt.com\/wp-content\/uploads\/2025\/01\/20250414_090827-2.jpg\" data-caption-title=\"Zonnegroet\" data-attachment-id=\"1570\" data-type=\"image\" class=\"fg-thumb\"><span class=\"fg-image-wrap\"><img decoding=\"async\" title=\"Zonnegroet\" width=\"150\" height=\"112\" class=\"skip-lazy fg-image\" data-src-fg=\"https:\/\/ulenspiegel-sourbrodt.com\/wp-content\/uploads\/cache\/2025\/01\/20250414_090827-2\/1041700730.jpg\" src=\"data:image\/svg+xml,%3Csvg%20xmlns%3D%22http%3A%2F%2Fwww.w3.org%2F2000%2Fsvg%22%20width%3D%22150%22%20height%3D%22112%22%20viewBox%3D%220%200%20150%20112%22%3E%3C%2Fsvg%3E\" loading=\"eager\"><\/span><span class=\"fg-image-overlay\"><\/span><\/a><figcaption class=\"fg-caption\"><div class=\"fg-caption-inner\"><div class=\"fg-caption-title\">Zonnegroet<\/div><\/div><\/figcaption><\/figure><div class=\"fg-loader\"><\/div><\/div><div class=\"fg-item fg-type-image fg-idle\"><figure class=\"fg-item-inner\"><a href=\"https:\/\/ulenspiegel-sourbrodt.com\/wp-content\/uploads\/2025\/01\/20250413_083221-1.jpg\" data-attachment-id=\"1569\" data-type=\"image\" class=\"fg-thumb\"><span class=\"fg-image-wrap\"><img decoding=\"async\" width=\"150\" height=\"112\" class=\"skip-lazy fg-image\" data-src-fg=\"https:\/\/ulenspiegel-sourbrodt.com\/wp-content\/uploads\/cache\/2025\/01\/20250413_083221-1\/1235787605.jpg\" src=\"data:image\/svg+xml,%3Csvg%20xmlns%3D%22http%3A%2F%2Fwww.w3.org%2F2000%2Fsvg%22%20width%3D%22150%22%20height%3D%22112%22%20viewBox%3D%220%200%20150%20112%22%3E%3C%2Fsvg%3E\" loading=\"eager\"><\/span><span class=\"fg-image-overlay\"><\/span><\/a><\/figure><div class=\"fg-loader\"><\/div><\/div><div class=\"fg-item fg-type-image fg-idle\"><figure class=\"fg-item-inner\"><a href=\"https:\/\/ulenspiegel-sourbrodt.com\/wp-content\/uploads\/2025\/01\/20250414_091113.jpg\" data-attachment-id=\"1571\" data-type=\"image\" class=\"fg-thumb\"><span class=\"fg-image-wrap\"><img decoding=\"async\" width=\"150\" height=\"112\" class=\"skip-lazy fg-image\" data-src-fg=\"https:\/\/ulenspiegel-sourbrodt.com\/wp-content\/uploads\/cache\/2025\/01\/20250414_091113\/2025055187.jpg\" src=\"data:image\/svg+xml,%3Csvg%20xmlns%3D%22http%3A%2F%2Fwww.w3.org%2F2000%2Fsvg%22%20width%3D%22150%22%20height%3D%22112%22%20viewBox%3D%220%200%20150%20112%22%3E%3C%2Fsvg%3E\" loading=\"eager\"><\/span><span class=\"fg-image-overlay\"><\/span><\/a><\/figure><div class=\"fg-loader\"><\/div><\/div><div class=\"fg-item fg-type-image fg-idle\"><figure class=\"fg-item-inner\"><a href=\"https:\/\/ulenspiegel-sourbrodt.com\/wp-content\/uploads\/2025\/01\/20250414_091254-1.jpg\" data-attachment-id=\"1573\" data-type=\"image\" class=\"fg-thumb\"><span class=\"fg-image-wrap\"><img decoding=\"async\" width=\"150\" height=\"112\" class=\"skip-lazy fg-image\" data-src-fg=\"https:\/\/ulenspiegel-sourbrodt.com\/wp-content\/uploads\/cache\/2025\/01\/20250414_091254-1\/1575050150.jpg\" src=\"data:image\/svg+xml,%3Csvg%20xmlns%3D%22http%3A%2F%2Fwww.w3.org%2F2000%2Fsvg%22%20width%3D%22150%22%20height%3D%22112%22%20viewBox%3D%220%200%20150%20112%22%3E%3C%2Fsvg%3E\" loading=\"eager\"><\/span><span class=\"fg-image-overlay\"><\/span><\/a><\/figure><div class=\"fg-loader\"><\/div><\/div><div class=\"fg-item fg-type-image fg-idle\"><figure class=\"fg-item-inner\"><a href=\"https:\/\/ulenspiegel-sourbrodt.com\/wp-content\/uploads\/2025\/01\/20250414_091132.jpg\" data-attachment-id=\"1572\" data-type=\"image\" class=\"fg-thumb\"><span class=\"fg-image-wrap\"><img decoding=\"async\" width=\"150\" height=\"112\" class=\"skip-lazy fg-image\" data-src-fg=\"https:\/\/ulenspiegel-sourbrodt.com\/wp-content\/uploads\/cache\/2025\/01\/20250414_091132\/263177686.jpg\" src=\"data:image\/svg+xml,%3Csvg%20xmlns%3D%22http%3A%2F%2Fwww.w3.org%2F2000%2Fsvg%22%20width%3D%22150%22%20height%3D%22112%22%20viewBox%3D%220%200%20150%20112%22%3E%3C%2Fsvg%3E\" loading=\"eager\"><\/span><span class=\"fg-image-overlay\"><\/span><\/a><\/figure><div class=\"fg-loader\"><\/div><\/div><div class=\"fg-item fg-type-image fg-idle\"><figure class=\"fg-item-inner\"><a href=\"https:\/\/ulenspiegel-sourbrodt.com\/wp-content\/uploads\/2025\/01\/20250615_152945-1-scaled.jpg\" data-attachment-id=\"2003\" data-type=\"image\" class=\"fg-thumb\"><span class=\"fg-image-wrap\"><img decoding=\"async\" width=\"150\" height=\"112\" class=\"skip-lazy fg-image\" data-src-fg=\"https:\/\/ulenspiegel-sourbrodt.com\/wp-content\/uploads\/cache\/2025\/01\/20250615_152945-1-scaled\/1918342720.jpg\" src=\"data:image\/svg+xml,%3Csvg%20xmlns%3D%22http%3A%2F%2Fwww.w3.org%2F2000%2Fsvg%22%20width%3D%22150%22%20height%3D%22112%22%20viewBox%3D%220%200%20150%20112%22%3E%3C%2Fsvg%3E\" loading=\"eager\"><\/span><span class=\"fg-image-overlay\"><\/span><\/a><\/figure><div class=\"fg-loader\"><\/div><\/div><\/div>\n\n\n\n\n<p>Spacieuse chambre familiale de 25 m<sup>2<\/sup> avec 2 chambres s\u00e9par\u00e9es<\/p>\n\n\n\n<ul class=\"wp-block-list\">\n<li>Lit queen-size 160\u00d7200<\/li>\n\n\n\n<li>1 lit superpos\u00e9 avec 2 lits 90&#215;200 (1 adulte + 1 enfant ou 2 enfants) (max 90 kg)<\/li>\n<\/ul>\n\n\n\n<p><span style=\"text-decoration: underline;\">Equipements :<\/span><\/p>\n\n\n\n<div class=\"wp-block-advgb-list\"><ul class=\"advgblist-1f72588b-d6ba-4032-929f-206604263328\">\n<li>Salle de bains avec toilettes et douche<\/li>\n\n\n\n<li>Draps et serviettes<\/li>\n\n\n\n<li>S\u00e8che cheveux<\/li>\n\n\n\n<li>Bureau<\/li>\n\n\n\n<li>T\u00e9l\u00e9viseur couleur (smart TV)<\/li>\n\n\n\n<li>WIFI \/ R\u00e9seau local (LAN)<\/li>\n\n\n\n<li>Non fumeur<\/li>\n\n\n\n<li>Rev\u00eatement de sol anti-allerg\u00e8ne<\/li>\n\n\n\n<li>Animaux non admis<\/li>\n\n\n\n<li>Parking gratuit<\/li>\n\n\n\n<li>Parking et chargement des v\u00e9los gratuits<\/li>\n\n\n\n<li>Buffet petit-d\u00e9jeuner entre 8h et 10h<\/li>\n<\/ul><\/div>\n\n\n\n<p><span style=\"text-decoration: underline;\">Infos pratiques :<\/span><\/p>\n\n\n\n<ul class=\"wp-block-list\">\n<li>D\u00e9part au plus tard \u00e0 11 heures<\/li>\n\n\n\n<li>Arriv\u00e9e de 14h \u00e0 20h (pour les arriv\u00e9es apr\u00e8s 20h, veuillez pr\u00e9venir)<\/li>\n<\/ul>\n\n\n\n<p><span style=\"text-decoration: underline;\">Tarifs et disponibilit\u00e9s :<\/span> voir reserver<\/p>\n\n\n\n<p><\/p>\n<style class=\"advgb-styles-renderer\">.wp-block-advgb-list ul.advgblist-1f72588b-d6ba-4032-929f-206604263328 > li{font-size:16px;}<\/style>","protected":false},"excerpt":{"rendered":"<p>Max 4 personnes Chambre familiale &#8220;Zonnegroet&#8221; Spacieuse chambre familiale de 25 m2 avec 2 chambres s\u00e9par\u00e9es Equipements : Infos pratiques : Tarifs et disponibilit\u00e9s : voir reserver<\/p>\n","protected":false},"author":1,"featured_media":0,"parent":0,"menu_order":0,"comment_status":"closed","ping_status":"closed","template":"","meta":{"_uag_custom_page_level_css":"","advgb_blocks_editor_width":"","advgb_blocks_columns_visual_guide":"","footnotes":""},"class_list":["post-950","page","type-page","status-publish","hentry"],"translation":{"provider":"WPGlobus","version":"3.0.2","language":"fr","enabled_languages":["nl","fr","de"],"languages":{"nl":{"title":true,"content":true,"excerpt":false},"fr":{"title":true,"content":true,"excerpt":false},"de":{"title":true,"content":true,"excerpt":false}}},"uagb_featured_image_src":{"full":false,"thumbnail":false,"medium":false,"medium_large":false,"large":false,"1536x1536":false,"2048x2048":false,"backdrop-small-thumbnails":false,"backdrop-medium-thumbnails":false,"backdrop-large-thumbnails":false},"uagb_author_info":{"display_name":"pieter93","author_link":"https:\/\/ulenspiegel-sourbrodt.com\/fr\/author\/pieter93\/"},"uagb_comment_info":0,"uagb_excerpt":"Max 4 personnes Chambre familiale &#8220;Zonnegroet&#8221; Spacieuse chambre familiale de 25 m2 avec 2 chambres s\u00e9par\u00e9es Equipements : Infos pratiques : Tarifs et disponibilit\u00e9s : voir reserver","coauthors":[],"author_meta":{"author_link":"https:\/\/ulenspiegel-sourbrodt.com\/fr\/author\/pieter93\/","display_name":"pieter93"},"relative_dates":{"created":"Publi\u00e9 1 year il y a","modified":"Mis \u00e0 jour 11 months il y a"},"absolute_dates":{"created":"Publi\u00e9 le 17 January 2025","modified":"Mise \u00e0 jour le 11 June 2025"},"absolute_dates_time":{"created":"Publi\u00e9 le 17 January 2025 11:17","modified":"Mise \u00e0 jour le 11 June 2025 13:34"},"featured_img_caption":"","featured_img":false,"series_order":"","_links":{"self":[{"href":"https:\/\/ulenspiegel-sourbrodt.com\/fr\/wp-json\/wp\/v2\/pages\/950","targetHints":{"allow":["GET"]}}],"collection":[{"href":"https:\/\/ulenspiegel-sourbrodt.com\/fr\/wp-json\/wp\/v2\/pages"}],"about":[{"href":"https:\/\/ulenspiegel-sourbrodt.com\/fr\/wp-json\/wp\/v2\/types\/page"}],"author":[{"embeddable":true,"href":"https:\/\/ulenspiegel-sourbrodt.com\/fr\/wp-json\/wp\/v2\/users\/1"}],"replies":[{"embeddable":true,"href":"https:\/\/ulenspiegel-sourbrodt.com\/fr\/wp-json\/wp\/v2\/comments?post=950"}],"version-history":[{"count":49,"href":"https:\/\/ulenspiegel-sourbrodt.com\/fr\/wp-json\/wp\/v2\/pages\/950\/revisions"}],"predecessor-version":[{"id":1996,"href":"https:\/\/ulenspiegel-sourbrodt.com\/fr\/wp-json\/wp\/v2\/pages\/950\/revisions\/1996"}],"wp:attachment":[{"href":"https:\/\/ulenspiegel-sourbrodt.com\/fr\/wp-json\/wp\/v2\/media?parent=950"}],"curies":[{"name":"wp","href":"https:\/\/api.w.org\/{rel}","templated":true}]}}