{"id":954,"date":"2025-01-17T11:18:00","date_gmt":"2025-01-17T11:18:00","guid":{"rendered":"https:\/\/ulenspiegel-sourbrodt.com\/?page_id=954"},"modified":"2025-06-11T13:36:14","modified_gmt":"2025-06-11T13:36:14","slug":"hofwohnung","status":"publish","type":"page","link":"https:\/\/ulenspiegel-sourbrodt.com\/fr\/hofwohnung\/","title":{"rendered":"Hofwohnung"},"content":{"rendered":"\n<p>Max 4 personnes<\/p>\n\n\n\n<p><strong>Studio &#8220;Hofwohnung&#8221;<\/strong><\/p>\n\n\n<style type=\"text\/css\">\n#foogallery-gallery-1352 .fg-image { width: 180px; }\n#foogallery-gallery-1352 { --fg-gutter: 10px; }<\/style>\n\t\t\t<div class=\"foogallery foogallery-container foogallery-default foogallery-lightbox-foobox fg-center fg-default fg-ready fg-light fg-border-thin fg-shadow-outline fg-loading-default fg-loaded-fade-in fg-caption-hover fg-hover-fade fg-hover-zoom\" id=\"foogallery-gallery-1352\" data-foogallery=\"{&quot;item&quot;:{&quot;showCaptionTitle&quot;:true,&quot;showCaptionDescription&quot;:true},&quot;lazy&quot;:true}\" style=\"--fg-title-line-clamp: 0; --fg-description-line-clamp: 0;\" >\n\t<div class=\"fg-item fg-type-image fg-idle\"><figure class=\"fg-item-inner\"><a href=\"https:\/\/ulenspiegel-sourbrodt.com\/wp-content\/uploads\/2025\/03\/20250414_105930-1.jpg\" data-attachment-id=\"1603\" data-type=\"image\" class=\"fg-thumb\"><span class=\"fg-image-wrap\"><img decoding=\"async\" width=\"180\" height=\"135\" class=\"skip-lazy fg-image\" data-src-fg=\"https:\/\/ulenspiegel-sourbrodt.com\/wp-content\/uploads\/cache\/2025\/03\/20250414_105930-1\/1308374856.jpg\" src=\"data:image\/svg+xml,%3Csvg%20xmlns%3D%22http%3A%2F%2Fwww.w3.org%2F2000%2Fsvg%22%20width%3D%22180%22%20height%3D%22135%22%20viewBox%3D%220%200%20180%20135%22%3E%3C%2Fsvg%3E\" loading=\"eager\"><\/span><span class=\"fg-image-overlay\"><\/span><\/a><\/figure><div class=\"fg-loader\"><\/div><\/div><div class=\"fg-item fg-type-image fg-idle\"><figure class=\"fg-item-inner\"><a href=\"https:\/\/ulenspiegel-sourbrodt.com\/wp-content\/uploads\/2025\/03\/20250414_110016-1.jpg\" data-attachment-id=\"1604\" data-type=\"image\" class=\"fg-thumb\"><span class=\"fg-image-wrap\"><img decoding=\"async\" width=\"180\" height=\"135\" class=\"skip-lazy fg-image\" data-src-fg=\"https:\/\/ulenspiegel-sourbrodt.com\/wp-content\/uploads\/cache\/2025\/03\/20250414_110016-1\/2318569338.jpg\" src=\"data:image\/svg+xml,%3Csvg%20xmlns%3D%22http%3A%2F%2Fwww.w3.org%2F2000%2Fsvg%22%20width%3D%22180%22%20height%3D%22135%22%20viewBox%3D%220%200%20180%20135%22%3E%3C%2Fsvg%3E\" loading=\"eager\"><\/span><span class=\"fg-image-overlay\"><\/span><\/a><\/figure><div class=\"fg-loader\"><\/div><\/div><div class=\"fg-item fg-type-image fg-idle\"><figure class=\"fg-item-inner\"><a href=\"https:\/\/ulenspiegel-sourbrodt.com\/wp-content\/uploads\/2025\/03\/20250414_102321-1.jpg\" data-attachment-id=\"1598\" data-type=\"image\" class=\"fg-thumb\"><span class=\"fg-image-wrap\"><img decoding=\"async\" width=\"180\" height=\"135\" class=\"skip-lazy fg-image\" data-src-fg=\"https:\/\/ulenspiegel-sourbrodt.com\/wp-content\/uploads\/cache\/2025\/03\/20250414_102321-1\/1519792830.jpg\" src=\"data:image\/svg+xml,%3Csvg%20xmlns%3D%22http%3A%2F%2Fwww.w3.org%2F2000%2Fsvg%22%20width%3D%22180%22%20height%3D%22135%22%20viewBox%3D%220%200%20180%20135%22%3E%3C%2Fsvg%3E\" loading=\"eager\"><\/span><span class=\"fg-image-overlay\"><\/span><\/a><\/figure><div class=\"fg-loader\"><\/div><\/div><div class=\"fg-item fg-type-image fg-idle\"><figure class=\"fg-item-inner\"><a href=\"https:\/\/ulenspiegel-sourbrodt.com\/wp-content\/uploads\/2025\/03\/20250414_104323-1.jpg\" data-attachment-id=\"1601\" data-type=\"image\" class=\"fg-thumb\"><span class=\"fg-image-wrap\"><img decoding=\"async\" width=\"180\" height=\"135\" class=\"skip-lazy fg-image\" data-src-fg=\"https:\/\/ulenspiegel-sourbrodt.com\/wp-content\/uploads\/cache\/2025\/03\/20250414_104323-1\/4138469314.jpg\" src=\"data:image\/svg+xml,%3Csvg%20xmlns%3D%22http%3A%2F%2Fwww.w3.org%2F2000%2Fsvg%22%20width%3D%22180%22%20height%3D%22135%22%20viewBox%3D%220%200%20180%20135%22%3E%3C%2Fsvg%3E\" loading=\"eager\"><\/span><span class=\"fg-image-overlay\"><\/span><\/a><\/figure><div class=\"fg-loader\"><\/div><\/div><div class=\"fg-item fg-type-image fg-idle\"><figure class=\"fg-item-inner\"><a href=\"https:\/\/ulenspiegel-sourbrodt.com\/wp-content\/uploads\/2025\/03\/20250414_102754-1.jpg\" data-attachment-id=\"1599\" data-type=\"image\" class=\"fg-thumb\"><span class=\"fg-image-wrap\"><img decoding=\"async\" width=\"180\" height=\"135\" class=\"skip-lazy fg-image\" data-src-fg=\"https:\/\/ulenspiegel-sourbrodt.com\/wp-content\/uploads\/cache\/2025\/03\/20250414_102754-1\/673081072.jpg\" src=\"data:image\/svg+xml,%3Csvg%20xmlns%3D%22http%3A%2F%2Fwww.w3.org%2F2000%2Fsvg%22%20width%3D%22180%22%20height%3D%22135%22%20viewBox%3D%220%200%20180%20135%22%3E%3C%2Fsvg%3E\" loading=\"eager\"><\/span><span class=\"fg-image-overlay\"><\/span><\/a><\/figure><div class=\"fg-loader\"><\/div><\/div><div class=\"fg-item fg-type-image fg-idle\"><figure class=\"fg-item-inner\"><a href=\"https:\/\/ulenspiegel-sourbrodt.com\/wp-content\/uploads\/2025\/03\/20250414_104749-1.jpg\" data-attachment-id=\"1602\" data-type=\"image\" class=\"fg-thumb\"><span class=\"fg-image-wrap\"><img decoding=\"async\" width=\"180\" height=\"135\" class=\"skip-lazy fg-image\" data-src-fg=\"https:\/\/ulenspiegel-sourbrodt.com\/wp-content\/uploads\/cache\/2025\/03\/20250414_104749-1\/317305452.jpg\" src=\"data:image\/svg+xml,%3Csvg%20xmlns%3D%22http%3A%2F%2Fwww.w3.org%2F2000%2Fsvg%22%20width%3D%22180%22%20height%3D%22135%22%20viewBox%3D%220%200%20180%20135%22%3E%3C%2Fsvg%3E\" loading=\"eager\"><\/span><span class=\"fg-image-overlay\"><\/span><\/a><\/figure><div class=\"fg-loader\"><\/div><\/div><div class=\"fg-item fg-type-image fg-idle\"><figure class=\"fg-item-inner\"><a href=\"https:\/\/ulenspiegel-sourbrodt.com\/wp-content\/uploads\/2025\/03\/20250414_104001.jpg\" data-attachment-id=\"1600\" data-type=\"image\" class=\"fg-thumb\"><span class=\"fg-image-wrap\"><img decoding=\"async\" width=\"180\" height=\"135\" class=\"skip-lazy fg-image\" data-src-fg=\"https:\/\/ulenspiegel-sourbrodt.com\/wp-content\/uploads\/cache\/2025\/03\/20250414_104001\/3190955236.jpg\" src=\"data:image\/svg+xml,%3Csvg%20xmlns%3D%22http%3A%2F%2Fwww.w3.org%2F2000%2Fsvg%22%20width%3D%22180%22%20height%3D%22135%22%20viewBox%3D%220%200%20180%20135%22%3E%3C%2Fsvg%3E\" loading=\"eager\"><\/span><span class=\"fg-image-overlay\"><\/span><\/a><\/figure><div class=\"fg-loader\"><\/div><\/div><div class=\"fg-item fg-type-image fg-idle\"><figure class=\"fg-item-inner\"><a href=\"https:\/\/ulenspiegel-sourbrodt.com\/wp-content\/uploads\/2025\/03\/20250414_094242-1.jpg\" data-caption-title=\"Hofwohnung\" data-attachment-id=\"1595\" data-type=\"image\" class=\"fg-thumb\"><span class=\"fg-image-wrap\"><img decoding=\"async\" title=\"Hofwohnung\" width=\"180\" height=\"135\" class=\"skip-lazy fg-image\" data-src-fg=\"https:\/\/ulenspiegel-sourbrodt.com\/wp-content\/uploads\/cache\/2025\/03\/20250414_094242-1\/2822116478.jpg\" src=\"data:image\/svg+xml,%3Csvg%20xmlns%3D%22http%3A%2F%2Fwww.w3.org%2F2000%2Fsvg%22%20width%3D%22180%22%20height%3D%22135%22%20viewBox%3D%220%200%20180%20135%22%3E%3C%2Fsvg%3E\" loading=\"eager\"><\/span><span class=\"fg-image-overlay\"><\/span><\/a><figcaption class=\"fg-caption\"><div class=\"fg-caption-inner\"><div class=\"fg-caption-title\">Hofwohnung<\/div><\/div><\/figcaption><\/figure><div class=\"fg-loader\"><\/div><\/div><div class=\"fg-item fg-type-image fg-idle\"><figure class=\"fg-item-inner\"><a href=\"https:\/\/ulenspiegel-sourbrodt.com\/wp-content\/uploads\/2025\/03\/20250414_094343-kopie.jpg\" data-attachment-id=\"1594\" data-type=\"image\" class=\"fg-thumb\"><span class=\"fg-image-wrap\"><img decoding=\"async\" width=\"180\" height=\"135\" class=\"skip-lazy fg-image\" data-src-fg=\"https:\/\/ulenspiegel-sourbrodt.com\/wp-content\/uploads\/cache\/2025\/03\/20250414_094343-kopie\/2230643738.jpg\" src=\"data:image\/svg+xml,%3Csvg%20xmlns%3D%22http%3A%2F%2Fwww.w3.org%2F2000%2Fsvg%22%20width%3D%22180%22%20height%3D%22135%22%20viewBox%3D%220%200%20180%20135%22%3E%3C%2Fsvg%3E\" loading=\"eager\"><\/span><span class=\"fg-image-overlay\"><\/span><\/a><\/figure><div class=\"fg-loader\"><\/div><\/div><div class=\"fg-item fg-type-image fg-idle\"><figure class=\"fg-item-inner\"><a href=\"https:\/\/ulenspiegel-sourbrodt.com\/wp-content\/uploads\/2025\/03\/20250616_143833-scaled.jpg\" data-attachment-id=\"2008\" data-type=\"image\" class=\"fg-thumb\"><span class=\"fg-image-wrap\"><img decoding=\"async\" width=\"180\" height=\"135\" class=\"skip-lazy fg-image\" data-src-fg=\"https:\/\/ulenspiegel-sourbrodt.com\/wp-content\/uploads\/cache\/2025\/03\/20250616_143833-scaled\/4167999040.jpg\" src=\"data:image\/svg+xml,%3Csvg%20xmlns%3D%22http%3A%2F%2Fwww.w3.org%2F2000%2Fsvg%22%20width%3D%22180%22%20height%3D%22135%22%20viewBox%3D%220%200%20180%20135%22%3E%3C%2Fsvg%3E\" loading=\"eager\"><\/span><span class=\"fg-image-overlay\"><\/span><\/a><\/figure><div class=\"fg-loader\"><\/div><\/div><\/div>\n\n\n\n\n<p>Studio spacieux de 40 m2 avec 1 chambre s\u00e9par\u00e9e<\/p>\n\n\n\n<ul class=\"wp-block-list\">\n<li>Lit queen-size 160&#215;200<\/li>\n\n\n\n<li>Canap\u00e9-lit (2 personnes) 160&#215;200<\/li>\n<\/ul>\n\n\n\n<p><span style=\"text-decoration: underline;\">Equipements :<\/span><\/p>\n\n\n\n<div class=\"wp-block-advgb-list\"><ul class=\"advgblist-c622a113-fa80-467d-89eb-070d9db520fb\">\n<li>Salle de bains avec toilettes et douche<\/li>\n\n\n\n<li>Draps et serviettes<\/li>\n\n\n\n<li>Salon<\/li>\n\n\n\n<li>Table et 4 chaises<\/li>\n\n\n\n<li>Cuisine \u00e9quip\u00e9e d&#8217;une plaque de cuisson, d&#8217;un micro-ondes, d&#8217;un r\u00e9frig\u00e9rateur avec compartiment cong\u00e9lateur<\/li>\n\n\n\n<li>S\u00e8che cheveux<\/li>\n\n\n\n<li>T\u00e9l\u00e9viseur couleur (smart TV)<\/li>\n\n\n\n<li>WIFI \/ R\u00e9seau local (LAN)<\/li>\n\n\n\n<li>Non fumeur<\/li>\n\n\n\n<li>Rev\u00eatement de sol anti-allerg\u00e8ne<\/li>\n\n\n\n<li>Animaux admis<\/li>\n\n\n\n<li>Parking gratuit<\/li>\n\n\n\n<li>Parking et chargement des v\u00e9los gratuits<\/li>\n\n\n\n<li>Buffet petit-d\u00e9jeuner entre 8h et 10h<\/li>\n<\/ul><\/div>\n\n\n\n<p><span style=\"text-decoration: underline;\">Infos pratiques :<\/span><\/p>\n\n\n\n<ul class=\"wp-block-list\">\n<li>D\u00e9part au plus tard \u00e0 11 heures<\/li>\n\n\n\n<li>Arriv\u00e9e de 14h \u00e0 20h (pour les arriv\u00e9es apr\u00e8s 20h, veuillez pr\u00e9venir)<\/li>\n<\/ul>\n\n\n\n<p><span style=\"text-decoration: underline;\">Tarifs et disponibilit\u00e9s :<\/span> voir r\u00e9server<\/p>\n\n\n\n<p><\/p>\n<style class=\"advgb-styles-renderer\">.wp-block-advgb-list ul.advgblist-c622a113-fa80-467d-89eb-070d9db520fb > li{font-size:16px;}<\/style>","protected":false},"excerpt":{"rendered":"<p>Max 4 personnes Studio &#8220;Hofwohnung&#8221; Studio spacieux de 40 m2 avec 1 chambre s\u00e9par\u00e9e Equipements : Infos pratiques : Tarifs et disponibilit\u00e9s : voir r\u00e9server<\/p>\n","protected":false},"author":1,"featured_media":0,"parent":0,"menu_order":0,"comment_status":"closed","ping_status":"closed","template":"","meta":{"_uag_custom_page_level_css":"","advgb_blocks_editor_width":"","advgb_blocks_columns_visual_guide":"","footnotes":""},"class_list":["post-954","page","type-page","status-publish","hentry"],"translation":{"provider":"WPGlobus","version":"3.0.2","language":"fr","enabled_languages":["nl","fr","de"],"languages":{"nl":{"title":true,"content":true,"excerpt":false},"fr":{"title":true,"content":true,"excerpt":false},"de":{"title":true,"content":true,"excerpt":false}}},"uagb_featured_image_src":{"full":false,"thumbnail":false,"medium":false,"medium_large":false,"large":false,"1536x1536":false,"2048x2048":false,"backdrop-small-thumbnails":false,"backdrop-medium-thumbnails":false,"backdrop-large-thumbnails":false},"uagb_author_info":{"display_name":"pieter93","author_link":"https:\/\/ulenspiegel-sourbrodt.com\/fr\/author\/pieter93\/"},"uagb_comment_info":0,"uagb_excerpt":"Max 4 personnes Studio &#8220;Hofwohnung&#8221; Studio spacieux de 40 m2 avec 1 chambre s\u00e9par\u00e9e Equipements : Infos pratiques : Tarifs et disponibilit\u00e9s : voir r\u00e9server","coauthors":[],"author_meta":{"author_link":"https:\/\/ulenspiegel-sourbrodt.com\/fr\/author\/pieter93\/","display_name":"pieter93"},"relative_dates":{"created":"Publi\u00e9 1 year il y a","modified":"Mis \u00e0 jour 10 months il y a"},"absolute_dates":{"created":"Publi\u00e9 le 17 January 2025","modified":"Mise \u00e0 jour le 11 June 2025"},"absolute_dates_time":{"created":"Publi\u00e9 le 17 January 2025 11:18","modified":"Mise \u00e0 jour le 11 June 2025 13:36"},"featured_img_caption":"","featured_img":false,"series_order":"","_links":{"self":[{"href":"https:\/\/ulenspiegel-sourbrodt.com\/fr\/wp-json\/wp\/v2\/pages\/954","targetHints":{"allow":["GET"]}}],"collection":[{"href":"https:\/\/ulenspiegel-sourbrodt.com\/fr\/wp-json\/wp\/v2\/pages"}],"about":[{"href":"https:\/\/ulenspiegel-sourbrodt.com\/fr\/wp-json\/wp\/v2\/types\/page"}],"author":[{"embeddable":true,"href":"https:\/\/ulenspiegel-sourbrodt.com\/fr\/wp-json\/wp\/v2\/users\/1"}],"replies":[{"embeddable":true,"href":"https:\/\/ulenspiegel-sourbrodt.com\/fr\/wp-json\/wp\/v2\/comments?post=954"}],"version-history":[{"count":50,"href":"https:\/\/ulenspiegel-sourbrodt.com\/fr\/wp-json\/wp\/v2\/pages\/954\/revisions"}],"predecessor-version":[{"id":2000,"href":"https:\/\/ulenspiegel-sourbrodt.com\/fr\/wp-json\/wp\/v2\/pages\/954\/revisions\/2000"}],"wp:attachment":[{"href":"https:\/\/ulenspiegel-sourbrodt.com\/fr\/wp-json\/wp\/v2\/media?parent=954"}],"curies":[{"name":"wp","href":"https:\/\/api.w.org\/{rel}","templated":true}]}}